{"id":10,"date":"2018-11-06T11:45:02","date_gmt":"2018-11-06T11:45:02","guid":{"rendered":"http:\/\/hotel-friedrichshafen.eu\/?page_id=10"},"modified":"2026-04-07T10:40:00","modified_gmt":"2026-04-07T10:40:00","slug":"startseite","status":"publish","type":"page","link":"https:\/\/hotel-friedrichshafen.eu\/waldhorn\/friedrichshafen_hotels\/en\/","title":{"rendered":"Home"},"content":{"rendered":"<section class=\"l-section wpb_row height_auto\"><div class=\"l-section-overlay\" style=\"background:#000000\"><\/div><div class=\"l-section-h i-cf\"><div class=\"g-cols vc_row via_flex valign_top type_default stacking_default\"><div class=\"vc_col-sm-12 wpb_column vc_column_container\"><div class=\"vc_column-inner\"><div class=\"wpb_wrapper\"><div class=\"wpb_revslider_element wpb_content_element\">\n\t\t\t<!-- START WaldhornSlider REVOLUTION SLIDER 6.7.41 --><p class=\"rs-p-wp-fix\"><\/p>\n\t\t\t<rs-module-wrap id=\"rev_slider_3_1_wrapper\" data-source=\"gallery\" style=\"visibility:hidden;background:transparent;padding:0;margin:0px auto;margin-top:0;margin-bottom:0;\">\n\t\t\t\t<rs-module id=\"rev_slider_3_1\" style=\"\" data-version=\"6.7.41\">\n\t\t\t\t\t<rs-slides style=\"overflow: hidden; position: absolute;\">\n\t\t\t\t\t\t<rs-slide style=\"position: absolute;\" data-key=\"rs-61\" data-title=\"Slide\" data-thumb=\"\/\/hotel-friedrichshafen.eu\/wp-content\/uploads\/2024\/09\/Komfort-Eck-3-scaled-100x50.jpg\" data-in=\"x:100%;\">\n\t\t\t\t\t\t\t<img decoding=\"async\" src=\"\/\/hotel-friedrichshafen.eu\/wp-content\/plugins\/revslider\/sr6\/assets\/assets\/dummy.png\" alt=\"\" title=\"Komfort Eck 3\" width=\"2560\" height=\"1920\" class=\"rev-slidebg tp-rs-img rs-lazyload\" data-lazyload=\"\/\/hotel-friedrichshafen.eu\/wp-content\/uploads\/2024\/09\/Komfort-Eck-3-scaled.jpg\" data-no-retina>\n<!---->\t\t\t\t\t<\/rs-slide>\n\t\t\t\t\t\t<rs-slide style=\"position: absolute;\" data-key=\"rs-86\" data-title=\"Slide\" data-thumb=\"\/\/hotel-friedrichshafen.eu\/wp-content\/uploads\/2019\/02\/IMG_8651-100x50.jpg\" data-in=\"x:100%;\">\n\t\t\t\t\t\t\t<img decoding=\"async\" src=\"\/\/hotel-friedrichshafen.eu\/wp-content\/plugins\/revslider\/sr6\/assets\/assets\/dummy.png\" alt=\"\" title=\"Home\" class=\"rev-slidebg tp-rs-img rs-lazyload\" data-lazyload=\"\/\/hotel-friedrichshafen.eu\/wp-content\/uploads\/2019\/02\/IMG_8651.jpg\" data-no-retina>\n<!---->\t\t\t\t\t<\/rs-slide>\n\t\t\t\t\t\t<rs-slide style=\"position: absolute;\" data-key=\"rs-72\" data-title=\"Slide\" data-thumb=\"\/\/hotel-friedrichshafen.eu\/wp-content\/uploads\/2019\/02\/Hotel-Friedrichshafen-Waldhorn-Neubau-100x50.jpg\" data-in=\"x:100%;\">\n\t\t\t\t\t\t\t<img decoding=\"async\" src=\"\/\/hotel-friedrichshafen.eu\/wp-content\/plugins\/revslider\/sr6\/assets\/assets\/dummy.png\" alt=\"\" title=\"Home\" class=\"rev-slidebg tp-rs-img rs-lazyload\" data-lazyload=\"\/\/hotel-friedrichshafen.eu\/wp-content\/uploads\/2019\/02\/Hotel-Friedrichshafen-Waldhorn-Neubau.jpg\" data-no-retina>\n<!---->\t\t\t\t\t<\/rs-slide>\n\t\t\t\t\t\t<rs-slide style=\"position: absolute;\" data-key=\"rs-89\" data-title=\"Slide\" data-thumb=\"\/\/hotel-friedrichshafen.eu\/wp-content\/uploads\/2019\/03\/Fr\u00fchst\u00fccksraum-Waldhorn-100x50.png\" data-in=\"x:100%;\">\n\t\t\t\t\t\t\t<img decoding=\"async\" src=\"\/\/hotel-friedrichshafen.eu\/wp-content\/plugins\/revslider\/sr6\/assets\/assets\/dummy.png\" alt=\"\" title=\"Home\" class=\"rev-slidebg tp-rs-img rs-lazyload\" data-lazyload=\"\/\/hotel-friedrichshafen.eu\/wp-content\/uploads\/2019\/03\/Fr\u00fchst\u00fccksraum-Waldhorn.png\" data-no-retina>\n<!---->\t\t\t\t\t<\/rs-slide>\n\t\t\t\t\t\t<rs-slide style=\"position: absolute;\" data-key=\"rs-74\" data-title=\"Slide\" data-thumb=\"\/\/hotel-friedrichshafen.eu\/wp-content\/uploads\/2024\/09\/1726652223873-scaled-100x50.jpg\" data-in=\"x:100%;\">\n\t\t\t\t\t\t\t<img decoding=\"async\" src=\"\/\/hotel-friedrichshafen.eu\/wp-content\/plugins\/revslider\/sr6\/assets\/assets\/dummy.png\" alt=\"\" title=\"1726652223873\" width=\"2560\" height=\"1182\" class=\"rev-slidebg tp-rs-img rs-lazyload\" data-lazyload=\"\/\/hotel-friedrichshafen.eu\/wp-content\/uploads\/2024\/09\/1726652223873-scaled.jpg\" data-no-retina>\n<!---->\t\t\t\t\t<\/rs-slide>\n\t\t\t\t\t\t<rs-slide style=\"position: absolute;\" data-key=\"rs-46\" data-title=\"Slide\" data-thumb=\"\/\/hotel-friedrichshafen.eu\/wp-content\/uploads\/2019\/01\/IMG_8803-100x50.jpg\" data-in=\"x:100%;\">\n\t\t\t\t\t\t\t<img decoding=\"async\" src=\"\/\/hotel-friedrichshafen.eu\/wp-content\/plugins\/revslider\/sr6\/assets\/assets\/dummy.png\" alt=\"\" title=\"Home\" class=\"rev-slidebg tp-rs-img rs-lazyload\" data-lazyload=\"\/\/hotel-friedrichshafen.eu\/wp-content\/uploads\/2019\/01\/IMG_8803.jpg\" data-no-retina>\n<!---->\t\t\t\t\t<\/rs-slide>\n\t\t\t\t\t\t<rs-slide style=\"position: absolute;\" data-key=\"rs-50\" data-title=\"Slide\" data-thumb=\"\/\/hotel-friedrichshafen.eu\/wp-content\/uploads\/2024\/09\/1726652332053-scaled-100x50.jpg\" data-in=\"x:100%;\">\n\t\t\t\t\t\t\t<img decoding=\"async\" src=\"\/\/hotel-friedrichshafen.eu\/wp-content\/plugins\/revslider\/sr6\/assets\/assets\/dummy.png\" alt=\"\" title=\"1726652332053\" width=\"2560\" height=\"1182\" class=\"rev-slidebg tp-rs-img rs-lazyload\" data-lazyload=\"\/\/hotel-friedrichshafen.eu\/wp-content\/uploads\/2024\/09\/1726652332053-scaled.jpg\" data-no-retina>\n<!---->\t\t\t\t\t<\/rs-slide>\n\t\t\t\t\t\t<rs-slide style=\"position: absolute;\" data-key=\"rs-51\" data-title=\"Slide\" data-thumb=\"\/\/hotel-friedrichshafen.eu\/wp-content\/uploads\/2019\/01\/Restaurant_Friedrichshafen-Waldhorn-Saal-100x50.jpg\" data-in=\"x:100%;\">\n\t\t\t\t\t\t\t<img decoding=\"async\" src=\"\/\/hotel-friedrichshafen.eu\/wp-content\/plugins\/revslider\/sr6\/assets\/assets\/dummy.png\" alt=\"\" title=\"Home\" class=\"rev-slidebg tp-rs-img rs-lazyload\" data-lazyload=\"\/\/hotel-friedrichshafen.eu\/wp-content\/uploads\/2019\/01\/Restaurant_Friedrichshafen-Waldhorn-Saal.jpg\" data-no-retina>\n<!---->\t\t\t\t\t<\/rs-slide>\n\t\t\t\t\t\t<rs-slide style=\"position: absolute;\" data-key=\"rs-48\" data-title=\"Slide\" data-thumb=\"\/\/hotel-friedrichshafen.eu\/wp-content\/uploads\/2019\/01\/Hotel_Friedrichshafen-e1547726142651-100x50.jpg\" data-in=\"x:100%;\">\n\t\t\t\t\t\t\t<img decoding=\"async\" src=\"\/\/hotel-friedrichshafen.eu\/wp-content\/plugins\/revslider\/sr6\/assets\/assets\/dummy.png\" alt=\"\" title=\"Home\" class=\"rev-slidebg tp-rs-img rs-lazyload\" data-lazyload=\"\/\/hotel-friedrichshafen.eu\/wp-content\/uploads\/2019\/01\/Hotel_Friedrichshafen-e1547726142651.jpg\" data-no-retina>\n<!---->\t\t\t\t\t<\/rs-slide>\n\t\t\t\t\t\t<rs-slide style=\"position: absolute;\" data-key=\"rs-58\" data-title=\"Slide\" data-thumb=\"\/\/hotel-friedrichshafen.eu\/wp-content\/uploads\/2019\/02\/IMG_3899NEU-100x50.png\" data-in=\"x:100%;\">\n\t\t\t\t\t\t\t<img decoding=\"async\" src=\"\/\/hotel-friedrichshafen.eu\/wp-content\/plugins\/revslider\/sr6\/assets\/assets\/dummy.png\" alt=\"\" title=\"Home\" class=\"rev-slidebg tp-rs-img rs-lazyload\" data-lazyload=\"\/\/hotel-friedrichshafen.eu\/wp-content\/uploads\/2019\/02\/IMG_3899NEU.png\" data-no-retina>\n<!---->\t\t\t\t\t<\/rs-slide>\n\t\t\t\t\t<\/rs-slides>\n\t\t\t\t<\/rs-module>\n\t\t\t\t<script>\n\t\t\t\t\tsetREVStartSize({c: 'rev_slider_3_1',rl:[1240,1024,1024,1024],el:[650,650,650,650],gw:[1240,1024,1024,1024],gh:[650,650,650,650],type:'standard',justify:'',layout:'fullwidth',mh:\"0\"});if (window.RS_MODULES!==undefined && window.RS_MODULES.modules!==undefined && window.RS_MODULES.modules[\"revslider31\"]!==undefined) {window.RS_MODULES.modules[\"revslider31\"].once = false;window.revapi3 = undefined;if (window.RS_MODULES.checkMinimal!==undefined) window.RS_MODULES.checkMinimal()}\n\t\t\t\t<\/script>\n\t\t\t<\/rs-module-wrap>\n\t\t\t<!-- END REVOLUTION SLIDER -->\n<\/div><div class=\"wpb_text_column\"><div class=\"wpb_wrapper\"><h2 style=\"text-align: center;\"><span style=\"color: #96825f;\">WALDHORN &#8211; RESTAURANT UND HOTEL IN FRIEDRICHSHAFEN<\/span><\/h2>\n<p style=\"text-align: center;\"><span style=\"color: #96825f;\"><strong>Wir freuen uns, Ihnen unser familiengef\u00fchrtes Hotel mit 40 komfortabel eingerichteten Zimmern und unser Restaurant mit regionalen Spezialit\u00e4ten nahe dem Bodensee vorstellen zu d\u00fcrfen.<\/strong><\/span><\/p>\n<\/div><\/div><\/div><\/div><\/div><div class=\"vc_col-sm-12 wpb_column vc_column_container\"><div class=\"vc_column-inner\"><div class=\"wpb_wrapper\"><\/div><\/div><\/div><\/div><\/div><\/section>\n","protected":false},"excerpt":{"rendered":"WALDHORN &#8211; RESTAURANT UND HOTEL IN FRIEDRICHSHAFEN Wir freuen uns, Ihnen unser familiengef\u00fchrtes Hotel mit 40 komfortabel eingerichteten Zimmern und unser Restaurant mit regionalen Spezialit\u00e4ten nahe dem Bodensee vorstellen zu d\u00fcrfen.","protected":false},"author":2,"featured_media":0,"parent":0,"menu_order":0,"comment_status":"closed","ping_status":"closed","template":"","meta":{"footnotes":""},"class_list":["post-10","page","type-page","status-publish","hentry"],"_links":{"self":[{"href":"https:\/\/hotel-friedrichshafen.eu\/waldhorn\/friedrichshafen_hotels\/en\/wp-json\/wp\/v2\/pages\/10","targetHints":{"allow":["GET"]}}],"collection":[{"href":"https:\/\/hotel-friedrichshafen.eu\/waldhorn\/friedrichshafen_hotels\/en\/wp-json\/wp\/v2\/pages"}],"about":[{"href":"https:\/\/hotel-friedrichshafen.eu\/waldhorn\/friedrichshafen_hotels\/en\/wp-json\/wp\/v2\/types\/page"}],"author":[{"embeddable":true,"href":"https:\/\/hotel-friedrichshafen.eu\/waldhorn\/friedrichshafen_hotels\/en\/wp-json\/wp\/v2\/users\/2"}],"replies":[{"embeddable":true,"href":"https:\/\/hotel-friedrichshafen.eu\/waldhorn\/friedrichshafen_hotels\/en\/wp-json\/wp\/v2\/comments?post=10"}],"version-history":[{"count":164,"href":"https:\/\/hotel-friedrichshafen.eu\/waldhorn\/friedrichshafen_hotels\/en\/wp-json\/wp\/v2\/pages\/10\/revisions"}],"predecessor-version":[{"id":1119,"href":"https:\/\/hotel-friedrichshafen.eu\/waldhorn\/friedrichshafen_hotels\/en\/wp-json\/wp\/v2\/pages\/10\/revisions\/1119"}],"wp:attachment":[{"href":"https:\/\/hotel-friedrichshafen.eu\/waldhorn\/friedrichshafen_hotels\/en\/wp-json\/wp\/v2\/media?parent=10"}],"curies":[{"name":"wp","href":"https:\/\/api.w.org\/{rel}","templated":true}]}}