{"id":38,"date":"2018-11-15T12:06:23","date_gmt":"2018-11-15T12:06:23","guid":{"rendered":"http:\/\/hotel-friedrichshafen.eu\/?page_id=38"},"modified":"2026-04-07T10:56:04","modified_gmt":"2026-04-07T10:56:04","slug":"hotel","status":"publish","type":"page","link":"https:\/\/hotel-friedrichshafen.eu\/waldhorn\/friedrichshafen_hotels\/en\/hotel\/","title":{"rendered":"Hotel"},"content":{"rendered":"<section class=\"l-section wpb_row height_medium\"><div class=\"l-section-h i-cf\"><div class=\"g-cols vc_row via_flex valign_top type_default stacking_default\"><div class=\"vc_col-sm-12 wpb_column vc_column_container\"><div class=\"vc_column-inner\"><div class=\"wpb_wrapper\">\n\t\t\t<!-- START Hotel REVOLUTION SLIDER 6.7.41 --><p class=\"rs-p-wp-fix\"><\/p>\n\t\t\t<rs-module-wrap id=\"rev_slider_5_1_wrapper\" data-source=\"gallery\" style=\"visibility:hidden;background:transparent;padding:0;margin:0px auto;margin-top:0;margin-bottom:0;\">\n\t\t\t\t<rs-module id=\"rev_slider_5_1\" style=\"\" data-version=\"6.7.41\">\n\t\t\t\t\t<rs-slides style=\"overflow: hidden; position: absolute;\">\n\t\t\t\t\t\t<rs-slide style=\"position: absolute;\" data-key=\"rs-76\" data-title=\"Slide\" data-thumb=\"\/\/hotel-friedrichshafen.eu\/wp-content\/uploads\/2019\/02\/LogoGlast\u00fcr-100x50.jpg\" data-in=\"x:100%;\">\n\t\t\t\t\t\t\t<img decoding=\"async\" src=\"\/\/hotel-friedrichshafen.eu\/wp-content\/plugins\/revslider\/sr6\/assets\/assets\/dummy.png\" alt=\"\" title=\"Hotel\" class=\"rev-slidebg tp-rs-img rs-lazyload\" data-lazyload=\"\/\/hotel-friedrichshafen.eu\/wp-content\/uploads\/2019\/02\/LogoGlast\u00fcr.jpg\" data-no-retina>\n<!---->\t\t\t\t\t<\/rs-slide>\n\t\t\t\t\t\t<rs-slide style=\"position: absolute;\" data-key=\"rs-87\" data-title=\"Slide\" data-thumb=\"\/\/hotel-friedrichshafen.eu\/wp-content\/uploads\/2019\/03\/IMG_9271-100x50.jpg\" data-in=\"x:100%;\">\n\t\t\t\t\t\t\t<img decoding=\"async\" src=\"\/\/hotel-friedrichshafen.eu\/wp-content\/plugins\/revslider\/sr6\/assets\/assets\/dummy.png\" alt=\"\" title=\"Hotel\" class=\"rev-slidebg tp-rs-img rs-lazyload\" data-lazyload=\"\/\/hotel-friedrichshafen.eu\/wp-content\/uploads\/2019\/03\/IMG_9271.jpg\" data-no-retina>\n<!---->\t\t\t\t\t<\/rs-slide>\n\t\t\t\t\t\t<rs-slide style=\"position: absolute;\" data-key=\"rs-77\" data-title=\"Slide\" data-thumb=\"\/\/hotel-friedrichshafen.eu\/wp-content\/uploads\/2019\/02\/Hotel-Friedrichshafen-Waldhorn-Neubau-100x50.jpg\" data-in=\"x:100%;\">\n\t\t\t\t\t\t\t<img decoding=\"async\" src=\"\/\/hotel-friedrichshafen.eu\/wp-content\/plugins\/revslider\/sr6\/assets\/assets\/dummy.png\" alt=\"\" title=\"Hotel\" class=\"rev-slidebg tp-rs-img rs-lazyload\" data-lazyload=\"\/\/hotel-friedrichshafen.eu\/wp-content\/uploads\/2019\/02\/Hotel-Friedrichshafen-Waldhorn-Neubau.jpg\" data-no-retina>\n<!---->\t\t\t\t\t<\/rs-slide>\n\t\t\t\t\t\t<rs-slide style=\"position: absolute;\" data-key=\"rs-84\" data-title=\"Slide\" data-thumb=\"\/\/hotel-friedrichshafen.eu\/wp-content\/uploads\/2018\/11\/Hotel_Friedrichshafen_Waldhorn_Zimmer-100x50.jpg\" data-in=\"x:100%;\">\n\t\t\t\t\t\t\t<img decoding=\"async\" src=\"\/\/hotel-friedrichshafen.eu\/wp-content\/plugins\/revslider\/sr6\/assets\/assets\/dummy.png\" alt=\"\" title=\"Hotel\" class=\"rev-slidebg tp-rs-img rs-lazyload\" data-lazyload=\"\/\/hotel-friedrichshafen.eu\/wp-content\/uploads\/2018\/11\/Hotel_Friedrichshafen_Waldhorn_Zimmer.jpg\" data-no-retina>\n<!---->\t\t\t\t\t<\/rs-slide>\n\t\t\t\t\t\t<rs-slide style=\"position: absolute;\" data-key=\"rs-98\" data-title=\"Slide\" data-thumb=\"\/\/hotel-friedrichshafen.eu\/wp-content\/uploads\/2019\/03\/IMG_9284-e1553169399664-100x50.jpg\" data-in=\"x:100%;\">\n\t\t\t\t\t\t\t<img decoding=\"async\" src=\"\/\/hotel-friedrichshafen.eu\/wp-content\/plugins\/revslider\/sr6\/assets\/assets\/dummy.png\" alt=\"\" title=\"Hotel\" class=\"rev-slidebg tp-rs-img rs-lazyload\" data-lazyload=\"\/\/hotel-friedrichshafen.eu\/wp-content\/uploads\/2019\/03\/IMG_9284-e1553169399664.jpg\" data-no-retina>\n<!---->\t\t\t\t\t<\/rs-slide>\n\t\t\t\t\t\t<rs-slide style=\"position: absolute;\" data-key=\"rs-81\" data-title=\"Slide\" data-thumb=\"\/\/hotel-friedrichshafen.eu\/wp-content\/uploads\/2019\/02\/IMG_0079-1-100x50.jpg\" data-in=\"x:100%;\">\n\t\t\t\t\t\t\t<img decoding=\"async\" src=\"\/\/hotel-friedrichshafen.eu\/wp-content\/plugins\/revslider\/sr6\/assets\/assets\/dummy.png\" alt=\"\" title=\"Hotel\" class=\"rev-slidebg tp-rs-img rs-lazyload\" data-lazyload=\"\/\/hotel-friedrichshafen.eu\/wp-content\/uploads\/2019\/02\/IMG_0079-1.jpg\" data-no-retina>\n<!---->\t\t\t\t\t<\/rs-slide>\n\t\t\t\t\t\t<rs-slide style=\"position: absolute;\" data-key=\"rs-101\" data-title=\"Slide\" data-thumb=\"\/\/hotel-friedrichshafen.eu\/wp-content\/uploads\/2019\/02\/3Bett2-100x50.jpg\" data-in=\"x:100%;\">\n\t\t\t\t\t\t\t<img decoding=\"async\" src=\"\/\/hotel-friedrichshafen.eu\/wp-content\/plugins\/revslider\/sr6\/assets\/assets\/dummy.png\" alt=\"\" title=\"Hotel\" class=\"rev-slidebg tp-rs-img rs-lazyload\" data-lazyload=\"\/\/hotel-friedrichshafen.eu\/wp-content\/uploads\/2019\/02\/3Bett2.jpg\" data-no-retina>\n<!---->\t\t\t\t\t<\/rs-slide>\n\t\t\t\t\t\t<rs-slide style=\"position: absolute;\" data-key=\"rs-85\" data-title=\"Slide\" data-thumb=\"\/\/hotel-friedrichshafen.eu\/wp-content\/uploads\/2019\/02\/Stammhaus20141-100x50.jpg\" data-in=\"x:100%;\">\n\t\t\t\t\t\t\t<img decoding=\"async\" src=\"\/\/hotel-friedrichshafen.eu\/wp-content\/plugins\/revslider\/sr6\/assets\/assets\/dummy.png\" alt=\"\" title=\"Hotel\" class=\"rev-slidebg tp-rs-img rs-lazyload\" data-lazyload=\"\/\/hotel-friedrichshafen.eu\/wp-content\/uploads\/2019\/02\/Stammhaus20141.jpg\" data-no-retina>\n<!---->\t\t\t\t\t<\/rs-slide>\n\t\t\t\t\t<\/rs-slides>\n\t\t\t\t<\/rs-module>\n\t\t\t\t<script>\n\t\t\t\t\tsetREVStartSize({c: 'rev_slider_5_1',rl:[1240,1024,1024,1024],el:[],gw:[1024,1024,1024,1024],gh:[650,650,650,650],type:'standard',justify:'',layout:'fullwidth',mh:\"0\"});if (window.RS_MODULES!==undefined && window.RS_MODULES.modules!==undefined && window.RS_MODULES.modules[\"revslider51\"]!==undefined) {window.RS_MODULES.modules[\"revslider51\"].once = false;window.revapi5 = undefined;if (window.RS_MODULES.checkMinimal!==undefined) window.RS_MODULES.checkMinimal()}\n\t\t\t\t<\/script>\n\t\t\t<\/rs-module-wrap>\n\t\t\t<!-- END REVOLUTION SLIDER -->\n<div class=\"wpb_text_column\"><div class=\"wpb_wrapper\"><\/div><\/div><div class=\"wpb_text_column\"><div class=\"wpb_wrapper\"><h2 style=\"text-align: center;\"><span style=\"color: #96825f;\">HOTEL<\/span><\/h2>\n<\/div><\/div><\/div><\/div><\/div><\/div><\/div><\/section><section class=\"l-section wpb_row height_medium\"><div class=\"l-section-h i-cf\"><div class=\"g-cols vc_row via_flex valign_top type_default stacking_default\"><div class=\"vc_col-sm-9 wpb_column vc_column_container\"><div class=\"vc_column-inner\"><div class=\"wpb_wrapper\"><div class=\"wpb_text_column\"><div class=\"wpb_wrapper\"><h3>Sie sind auf der Suche nach einem Hotel in Friedrichshafen?<\/h3>\n<p>Lassen Sie sich in unserem <strong>Hotel Waldhorn in Friedrichshafen<\/strong> mit angeschlossenem Restaurant verw\u00f6hnen und genie\u00dfen Sie die herrliche Landschaft am Bodensee.<\/p>\n<p>Unser Haus ist bereits <strong>seit 1953<\/strong> und inzwischen in der dritten Generation <strong>familiengef\u00fchrt<\/strong>. Es liegt fu\u00dfl\u00e4ufig zum Bodensee und ist durch eine sehr gute Verkehrsanbindung ideal zu erreichen. Zur Bushaltestelle sind es nur 50 Meter, der kleine Regionalbahnhof ist keine 200 Meter entfernt. Sollten Sie mit dem Auto anreisen, so k\u00f6nnen Sie dieses je nach Verf\u00fcgbarkeit kostenlos auf unserem gro\u00dfen Parkplatz vor dem Haus oder in unserer Tiefgarage abstellen.<br \/>\nDie Tiefgarage bietet auch Stellpl\u00e4tze f\u00fcr Fahrr\u00e4der.<\/p>\n<div><\/div>\n<p>Unser 3-Sterne Hotel in Friedrichshafen, Stadtteil Manzell, bietet sich als idealer Ausgangspunkt f\u00fcr Fahrradtouren rund um den Bodensee sowie f\u00fcr ausgedehnte Spazierg\u00e4nge an.<\/p>\n<p>2015 wurde ein\u00a0neuer Uferweg\u00a0er\u00f6ffnet, der zu Fu\u00df in nur 15 Minuten zu erreichen ist. Hier k\u00f6nnen Sie direkt am Bodenseeufer flanieren, wandern, walken\u2026..bis in die Innenstadt von Friedrichshafen hinein. Zur\u00fcck kann dann auch bei Bedarf der Zug genommen werden.\u00a0Anschlie\u00dfend tut eine Erholung im hoteleigenen Restaurant oder in dem bewirteten Kastaniengarten gut.<\/p>\n<div><\/div>\n<p>Unser K\u00fcchenteam verw\u00f6hnt die G\u00e4ste mit regionalen, saisonalen und feinen schw\u00e4bischen Gerichten.<\/p>\n<p>F\u00fcr sommerlichen Badespa\u00df sorgt das nahe gelegene und erst 2017 neu er\u00f6ffnete Freibad in Fischbach.<\/p>\n<p>F\u00fcr Gesch\u00e4ftsreisende ist die MTU (Rolls Royce Power Systems AG) in unmittelbarer N\u00e4he. Auch die ZF, die Messe sowie Zeppelin Systems in Friedrichshafen oder Airbus in Immenstaad sind von unserem Hotel aus gut zu erreichen.<\/p>\n<\/div><\/div><\/div><\/div><\/div><div class=\"vc_col-sm-3 wpb_column vc_column_container\"><div class=\"vc_column-inner\"><div class=\"wpb_wrapper\"><div class=\"wpb_text_column\"><div class=\"wpb_wrapper\"><p>Erholung am Bodensee: Uferweg und Freibad<\/p>\n<\/div><\/div><div class=\"w-image align_none\"><div class=\"w-image-h\"><img decoding=\"async\" width=\"300\" height=\"139\" src=\"https:\/\/hotel-friedrichshafen.eu\/wp-content\/uploads\/2019\/02\/BodenseeFischbach-300x139.jpg\" class=\"attachment-medium size-medium\" alt=\"\" loading=\"lazy\" srcset=\"https:\/\/hotel-friedrichshafen.eu\/wp-content\/uploads\/2019\/02\/BodenseeFischbach-300x139.jpg 300w, https:\/\/hotel-friedrichshafen.eu\/wp-content\/uploads\/2019\/02\/BodenseeFischbach-1024x474.jpg 1024w, https:\/\/hotel-friedrichshafen.eu\/wp-content\/uploads\/2019\/02\/BodenseeFischbach.jpg 1240w\" sizes=\"auto, (max-width: 300px) 100vw, 300px\" \/><\/div><\/div><div class=\"w-separator size_medium\"><\/div><div class=\"w-image align_none\"><div class=\"w-image-h\"><img decoding=\"async\" width=\"300\" height=\"200\" src=\"https:\/\/hotel-friedrichshafen.eu\/wp-content\/uploads\/2019\/02\/IMG_8854-300x200.jpg\" class=\"attachment-medium size-medium\" alt=\"Uferweg Friedrichshafen Fischbach\" loading=\"lazy\" srcset=\"https:\/\/hotel-friedrichshafen.eu\/wp-content\/uploads\/2019\/02\/IMG_8854-300x200.jpg 300w, https:\/\/hotel-friedrichshafen.eu\/wp-content\/uploads\/2019\/02\/IMG_8854-1024x684.jpg 1024w\" sizes=\"auto, (max-width: 300px) 100vw, 300px\" \/><\/div><\/div><div class=\"w-separator size_medium\"><\/div><div class=\"w-image align_none\"><div class=\"w-image-h\"><img decoding=\"async\" width=\"300\" height=\"191\" src=\"https:\/\/hotel-friedrichshafen.eu\/wp-content\/uploads\/2019\/02\/Freibad2-300x191.jpg\" class=\"attachment-medium size-medium\" alt=\"\" loading=\"lazy\" srcset=\"https:\/\/hotel-friedrichshafen.eu\/wp-content\/uploads\/2019\/02\/Freibad2-300x191.jpg 300w, https:\/\/hotel-friedrichshafen.eu\/wp-content\/uploads\/2019\/02\/Freibad2.jpg 613w\" sizes=\"auto, (max-width: 300px) 100vw, 300px\" \/><\/div><\/div><\/div><\/div><\/div><\/div><\/div><\/section><section class=\"l-section wpb_row height_medium\"><div class=\"l-section-h i-cf\"><div class=\"g-cols vc_row via_flex valign_top type_default stacking_default\"><div class=\"vc_col-sm-12 wpb_column vc_column_container\"><div class=\"vc_column-inner\"><div class=\"wpb_wrapper\"><\/div><\/div><\/div><\/div><\/div><\/section>\n","protected":false},"excerpt":{"rendered":"HOTEL Sie sind auf der Suche nach einem Hotel in Friedrichshafen? Lassen Sie sich in unserem Hotel Waldhorn in Friedrichshafen mit angeschlossenem Restaurant verw\u00f6hnen und genie\u00dfen Sie die herrliche Landschaft am Bodensee. Unser Haus ist bereits seit 1953 und inzwischen in der dritten Generation familiengef\u00fchrt. Es liegt fu\u00dfl\u00e4ufig zum Bodensee und ist durch eine sehr...","protected":false},"author":2,"featured_media":0,"parent":0,"menu_order":0,"comment_status":"closed","ping_status":"closed","template":"","meta":{"footnotes":""},"class_list":["post-38","page","type-page","status-publish","hentry"],"_links":{"self":[{"href":"https:\/\/hotel-friedrichshafen.eu\/waldhorn\/friedrichshafen_hotels\/en\/wp-json\/wp\/v2\/pages\/38","targetHints":{"allow":["GET"]}}],"collection":[{"href":"https:\/\/hotel-friedrichshafen.eu\/waldhorn\/friedrichshafen_hotels\/en\/wp-json\/wp\/v2\/pages"}],"about":[{"href":"https:\/\/hotel-friedrichshafen.eu\/waldhorn\/friedrichshafen_hotels\/en\/wp-json\/wp\/v2\/types\/page"}],"author":[{"embeddable":true,"href":"https:\/\/hotel-friedrichshafen.eu\/waldhorn\/friedrichshafen_hotels\/en\/wp-json\/wp\/v2\/users\/2"}],"replies":[{"embeddable":true,"href":"https:\/\/hotel-friedrichshafen.eu\/waldhorn\/friedrichshafen_hotels\/en\/wp-json\/wp\/v2\/comments?post=38"}],"version-history":[{"count":87,"href":"https:\/\/hotel-friedrichshafen.eu\/waldhorn\/friedrichshafen_hotels\/en\/wp-json\/wp\/v2\/pages\/38\/revisions"}],"predecessor-version":[{"id":1121,"href":"https:\/\/hotel-friedrichshafen.eu\/waldhorn\/friedrichshafen_hotels\/en\/wp-json\/wp\/v2\/pages\/38\/revisions\/1121"}],"wp:attachment":[{"href":"https:\/\/hotel-friedrichshafen.eu\/waldhorn\/friedrichshafen_hotels\/en\/wp-json\/wp\/v2\/media?parent=38"}],"curies":[{"name":"wp","href":"https:\/\/api.w.org\/{rel}","templated":true}]}}