{"id":626,"date":"2019-11-18T12:11:43","date_gmt":"2019-11-18T12:11:43","guid":{"rendered":"http:\/\/hotel-friedrichshafen.eu\/waldhorn\/?page_id=626"},"modified":"2024-09-18T08:50:59","modified_gmt":"2024-09-18T08:50:59","slug":"agbs","status":"publish","type":"page","link":"https:\/\/hotel-friedrichshafen.eu\/waldhorn\/friedrichshafen_hotels\/en\/agbs\/","title":{"rendered":"AGBs"},"content":{"rendered":"<h2>ALLGEMEINE GESCH\u00c4FTSBEDINGUNGEN<\/h2>\n<p>Diese allgemeinen Gesch\u00e4ftsbedingungen gelten f\u00fcr alle gebuchten Hotelzimmer und Veranstaltungsr\u00e4ume in der <strong>Waldhorn Hotel-Gastronomie GmbH, Dornierstra\u00dfe 2\/1,\u00a0 88048 Friedrichshafen\/ Manzell.<\/strong><\/p>\n<p>Die Unter- oder Weitervermietung der \u00fcberlassenen Hotelzimmer bzw. Veranstaltungsr\u00e4ume bed\u00fcrfen der vorherigen schriftlichen Zustimmung des Hotels.<\/p>\n<p>Hat das Hotel Waldhorn begr\u00fcndeten Anlass zu der Annahme, dass die Inanspruchnahme der gebuchten Hotelleistungen den reibungslosen Gesch\u00e4ftsbetrieb, die Sicherheit oder den Ruf des Hauses zu gef\u00e4hrden drohen sowie im Falle h\u00f6herer Gewalt, kann es die Veranstaltung und die Zimmer absagen; das Geltendmachen jeglicher Schadensersatzanspr\u00fcche gegen\u00fcber dem Hotel ist dabei ausgeschlossen.<\/p>\n<p>Der Vertragspartner hat keinen Anspruch auf bestimmte Hotelzimmer bzw. Veranstaltungsr\u00e4ume.<\/p>\n<p>Die Anwendung der Gesch\u00e4ftsbedingungen des Kunden oder Veranstalters bedarf einer ausdr\u00fccklichen vorherigen Vereinbarung.<\/p>\n<p>Ist der Besteller nicht gleichzeitig der Kunde oder Veranstalter, so haften beide gesamtschuldnerisch. Der Kunde oder Veranstalter haftet f\u00fcr alle Sch\u00e4den an Geb\u00e4ude oder Inventar, die durch Veranstaltungsteilnehmer bzw. \u2013besucher, Mitarbeiter, sonstige Dritte aus seinem Bereich oder ihm selbst verursacht werden. Hierbei m\u00fcssen die feuerpolizeilichen Anforderungen beachtet werden.<\/p>\n<p>F\u00fcr eingebrachte Sachen haftet das Hotel nach den Bestimmungen des BGB (\u00a7\u00a7 701-703).<\/p>\n<p>Das Hotel wird bem\u00fcht sein, Weckauftr\u00e4ge mit gr\u00f6\u00dfter Sorgfalt auszuf\u00fchren. Schadensersatzanspr\u00fcche aus Unterlassung sind jedoch ausgeschlossen. Dies gilt ebenfalls f\u00fcr Verlust, Verz\u00f6gerung oder Nichtaush\u00e4ndigung von Nachrichten und Sendungen.<\/p>\n<p>St\u00f6rungen an vom Hotel zur Verf\u00fcgung gestellten technischen oder sonstigen Einrichtungen werden nach M\u00f6glichkeit sofort beseitigt. Zahlungen k\u00f6nnen nicht zur\u00fcckbehalten oder gemindert werden, soweit das Hotel die St\u00f6rung nicht zu vertreten hat.<\/p>\n<p>Alle ausgezeichneten Preise sind Inklusivpreise in Euro und verstehen sich einschlie\u00dflich Service und Mehrwertsteuer. Sind in der Auftragsbest\u00e4tigung feste Preise genannt und liegen zwischen Vertragsabschluss und Leistungserbringung mehr als vier Monate, beh\u00e4lt sich das Hotel vor, ohne vorherige Ank\u00fcndigung eine Preisangleichung je nach Markt- und Kostenlage vorzunehmen.<\/p>\n<p>Gastrechnungen sind sofort netto Kasse zu zahlen und werden erst ab einem Aufenthalt von mindestens vier N\u00e4chten postalisch zugestellt, sofern eine schriftliche Kosten\u00fcbernahme vorliegt. Gastkonten von Dauerg\u00e4sten sind w\u00f6chentlich zu zahlen.<\/p>\n<p>Das Hotel ist berechtigt, Devisen, Schecks und Kreditkarten zur\u00fcckzuweisen. Auf Auslagen und Fremdleistungen wird bei Begleichung durch Kreditkarten ein Provisionsausgleich von 3,5% erhoben.<\/p>\n<p>Rechnungen sind innerhalb von 14 Tagen nach Rechnungsdatum zu begleichen. Bei Zahlungsverzug ist das Hotel berechtigt, Zinsen in H\u00f6he von 5 Prozentpunkten \u00fcber dem Basiszinssatz zu berechnen. Dem Kunden oder Veranstalter bleibt der Nachweis eines niedrigeren Schadens, dem Hotel der eines h\u00f6heren Schadens vorbehalten.<\/p>\n<p><strong>Zimmer:<\/strong><\/p>\n<p>Reservierte Zimmer stehen dem Gast ab 14.00 Uhr zur Verf\u00fcgung. Sie m\u00fcssen am Abreisetag sp\u00e4testens um 11.00 Uhr ger\u00e4umt sein. Werden die Zimmer nicht rechtzeitig ger\u00e4umt, beh\u00e4lt sich das Hotel das Recht vor, weitere Logiskosten in Rechnung zu stellen.<\/p>\n<p style=\"font-weight: 400;\">Abbestellungen von Zimmerreservierungen werden wie folgt berechnet, sofern nichts anderes vereinbart:<br \/>\nBei 1 &#8211; 3 gebuchten Zimmer: bis 14 Tage vor Anreise kostenfrei, bis 7 Tage vor Anreise 50 %.<br \/>\nBei 4 &#8211; 10 gebuchten Zimmer: bis 28 Tage vor Anreise 30%, bis 14 Tage vor Anreise 50 %, bis 7 Tage vor Anreise 70%.<br \/>\nAb 11 gebuchten Zimmer: bis 6 Wochen vor Anreise 30%, bis 4 Wochen vor Anreise 50%, bis 7 Tage vor Anreise 70%.<\/p>\n<p style=\"font-weight: 400;\">Stornierungen, die nach den o. g. Fristen eingehen, berechnen wir zu 80% des vereinbarten Zimmerpreises, sofern die Zimmer nicht anderweitig vermietet werden konnten. Dem Gast bleibt vorbehalten, nachzuweisen, dass dem Hotel durch die Nichtinanspruchnahme der Leistung kein oder ein niedrigerer Schaden als die berechnete Geb\u00fchr entstanden ist.<\/p>\n<p>F\u00fcr Messezeiten oder Gro\u00dfveranstaltungen im Einzugsgebiet gelten gesonderte Regelungen, die in den jeweiligen Beherbergungsvertr\u00e4gen aufgef\u00fchrt werden.<\/p>\n<p>&nbsp;<\/p>\n<p><strong>Veranstaltungen:<\/strong><\/p>\n<p>Gebuchte Veranstaltungsr\u00e4ume stehen dem Vertragspartner nur zu den vereinbarten Zeiten zur Verf\u00fcgung. Eine dar\u00fcber hinaus gehende Nutzung bedarf der vorherigen Absprache mit dem Hotel. Das Hotel haftet nicht f\u00fcr liegen gebliebene Seminarunterlagen oder Pr\u00e4sentationsmaterial. Der Besteller von R\u00e4umlichkeiten ist verpflichtet, s\u00e4mtliches von ihm eingebrachtes Verpackungs- und \/ oder Informationsmaterial auf eigene Kosten zu entfernen. Kommt der Besteller dem nicht nach, ist er verpflichtet, dem Hotel die Entsorgungskosten nach dem jeweils g\u00fcltigen Tarif zu erstatten.<\/p>\n<p>Abbestellungen von Veranstaltungsr\u00e4umen werden wie folgt berechnet:<br \/>\nBis 90 Tage vor Veranstaltungstermin: kostenfrei<br \/>\nBis 45 Tage vor Veranstaltungstermin: Mietwert f\u00fcr jeweiligen Raum<br \/>\nBis 30 Tage vor Veranstaltungstermin: Mietwert f\u00fcr jeweiligen Raum, zzgl. 40%\u00a0 des entg. Umsatzes (Speisen und Getr\u00e4nke)<br \/>\nUnter 30 Tage vor Veranstaltungstermin: Mietwert f\u00fcr jeweiligen Raum zzgl. 60% des entg. Umsatzes (Speisen und Getr\u00e4nke)<\/p>\n<p>Reduzierungen der Veranstaltungs-Teilnehmer f\u00fcr Mahlzeiten und Pauschalen werden wie folgt berechnet (Zimmerstornierungen siehe oben):<br \/>\nBis 45 Tage vor Veranstaltungstermin: 50% der Teilnehmer kostenfrei<br \/>\nBis 30 Tage vor Veranstaltungstermin: 25% der Teilnehmer kostenfrei<br \/>\n5 &#8211; 30 Tage vor Veranstaltungstermin: 5% der Teilnehmer kostenfrei<\/p>\n<p>Die Berechnung der Leistungen erfolgt auf der Basis der Personenzahl, die bis sp\u00e4testens vier Tage vor Veranstaltungstermin dem Hotel mitgeteilt worden ist. Das Hotel ist berechtigt, bei erheblichen Abweichungen in der Personenzahl den best\u00e4tigten Veranstaltungsraum zu tauschen und die vereinbarten Preise neu festzusetzen.<\/p>\n<p>Der Hotelier ist zur Abrechnung der tats\u00e4chlichen Personenzahl berechtigt, auch wenn diese \u00fcber der urspr\u00fcnglich gemeldeten Teilnehmerzahl liegt.<\/p>\n<p>F\u00fcr Feierlichkeiten, die sich \u00fcber 0:00 Uhr nachts ausdehnen, erheben wir pro Service- und Buffetmitarbeiter einen Morgenstundenzuschlag von 35,00 Euro f\u00fcr jede angefangene Stunde.<\/p>\n<p>Zwei Wochen vor Veranstaltungstermin erbitten wir eine Anzahlung von 50% der gesch\u00e4tzten Rechnungssumme (Festlegung bei der Detailabsprache); der Restbetrag ist innerhalb von 14 Tagen nach der Veranstaltung zu zahlen. Das Hotel tritt grunds\u00e4tzlich nicht als Veranstalter bei K\u00fcnstlerauftritten und Musikdarbietungen auf. Veranstalter im Sinne der Gema und somit zust\u00e4ndig f\u00fcr die ordnungsgem\u00e4\u00dfe Abf\u00fchrung aller anfallenden GEMA-Geb\u00fchren sind die Auftraggeber der K\u00fcnstler.<\/p>\n<p>Der <strong>Gerichtstand <\/strong>und <strong>Erf\u00fcllungsort <\/strong>ist Tettnang.<\/p>\n<p>Sollten einzelne Bestimmungen dieser allgemeinen Gesch\u00e4ftsbedingungen unwirksam oder nichtig sein, so wird dadurch die Wirksamkeit der \u00fcbrigen Bestimmungen nicht ber\u00fchrt.<\/p>\n<p>Stand: November 2019<\/p>\n<p>&nbsp;<\/p>","protected":false},"excerpt":{"rendered":"<p>ALLGEMEINE GESCH\u00c4FTSBEDINGUNGEN Diese allgemeinen Gesch\u00e4ftsbedingungen gelten f\u00fcr alle gebuchten Hotelzimmer und Veranstaltungsr\u00e4ume in der Waldhorn Hotel-Gastronomie GmbH, Dornierstra\u00dfe 2\/1,\u00a0 88048 Friedrichshafen\/ Manzell. Die Unter- oder Weitervermietung der \u00fcberlassenen Hotelzimmer bzw. Veranstaltungsr\u00e4ume bed\u00fcrfen der vorherigen schriftlichen Zustimmung des Hotels. Hat das Hotel Waldhorn begr\u00fcndeten Anlass zu der Annahme, dass die Inanspruchnahme der gebuchten Hotelleistungen den reibungslosen&#8230;<\/p>","protected":false},"author":2,"featured_media":0,"parent":0,"menu_order":0,"comment_status":"closed","ping_status":"closed","template":"","meta":{"footnotes":""},"class_list":["post-626","page","type-page","status-publish","hentry"],"_links":{"self":[{"href":"https:\/\/hotel-friedrichshafen.eu\/waldhorn\/friedrichshafen_hotels\/en\/wp-json\/wp\/v2\/pages\/626","targetHints":{"allow":["GET"]}}],"collection":[{"href":"https:\/\/hotel-friedrichshafen.eu\/waldhorn\/friedrichshafen_hotels\/en\/wp-json\/wp\/v2\/pages"}],"about":[{"href":"https:\/\/hotel-friedrichshafen.eu\/waldhorn\/friedrichshafen_hotels\/en\/wp-json\/wp\/v2\/types\/page"}],"author":[{"embeddable":true,"href":"https:\/\/hotel-friedrichshafen.eu\/waldhorn\/friedrichshafen_hotels\/en\/wp-json\/wp\/v2\/users\/2"}],"replies":[{"embeddable":true,"href":"https:\/\/hotel-friedrichshafen.eu\/waldhorn\/friedrichshafen_hotels\/en\/wp-json\/wp\/v2\/comments?post=626"}],"version-history":[{"count":5,"href":"https:\/\/hotel-friedrichshafen.eu\/waldhorn\/friedrichshafen_hotels\/en\/wp-json\/wp\/v2\/pages\/626\/revisions"}],"predecessor-version":[{"id":1042,"href":"https:\/\/hotel-friedrichshafen.eu\/waldhorn\/friedrichshafen_hotels\/en\/wp-json\/wp\/v2\/pages\/626\/revisions\/1042"}],"wp:attachment":[{"href":"https:\/\/hotel-friedrichshafen.eu\/waldhorn\/friedrichshafen_hotels\/en\/wp-json\/wp\/v2\/media?parent=626"}],"curies":[{"name":"wp","href":"https:\/\/api.w.org\/{rel}","templated":true}]}}