{"id":68,"date":"2018-12-04T12:12:00","date_gmt":"2018-12-04T12:12:00","guid":{"rendered":"http:\/\/hotel-friedrichshafen.eu\/?page_id=68"},"modified":"2023-11-19T10:55:39","modified_gmt":"2023-11-19T10:55:39","slug":"ueber-uns","status":"publish","type":"page","link":"https:\/\/hotel-friedrichshafen.eu\/waldhorn\/friedrichshafen_hotels\/en\/ueber-uns\/","title":{"rendered":"About us"},"content":{"rendered":"<section class=\"l-section wpb_row height_medium\"><div class=\"l-section-h i-cf\"><div class=\"g-cols vc_row via_flex valign_top type_default stacking_default\"><div class=\"vc_col-sm-4 wpb_column vc_column_container\"><div class=\"vc_column-inner\"><div class=\"wpb_wrapper\"><div class=\"w-separator size_huge\"><\/div><div class=\"w-image align_left meta_simple\"><div class=\"w-image-h\"><img decoding=\"async\" width=\"200\" height=\"84\" src=\"https:\/\/hotel-friedrichshafen.eu\/wp-content\/uploads\/2019\/02\/waldhorn-1970.jpg\" class=\"attachment-us_600_600_crop size-us_600_600_crop\" alt=\"\" loading=\"lazy\" \/><\/div><div class=\"w-image-meta\"><div class=\"w-image-title\">Waldhorn-1993<\/div><\/div><\/div><\/div><\/div><\/div><div class=\"vc_col-sm-8 wpb_column vc_column_container\"><div class=\"vc_column-inner\"><div class=\"wpb_wrapper\"><div class=\"wpb_text_column\"><div class=\"wpb_wrapper\"><h3 style=\"text-align: center;\"><span style=\"color: #96825f;\">ABOUT US<\/span><\/h3>\n<p><strong>1953<\/strong>\u00a0The spouses Martha and Eugen Klink take over the Gasthof Waldhorn from an regional brewery.<\/p>\n<p><strong>1970<\/strong>\u00a0The little guest house is beeing extended and  various areas are modernised.<\/p>\n<p><strong>1984<\/strong>\u00a0Martha and Eugen Klink hand over the operation to the next generation.<\/p>\n<p><strong>1993<\/strong> Construction of a new hotel-building with 24 rooms.<\/p>\n<p><strong>2005<\/strong>\u00a0The attic floor of the original building undergoes a radical change and is redesigned with 8 new rooms.<\/p>\n<p><strong>2014<\/strong>\u00a0The restaurant and the sanitary facilities are all thoroughly refurbished and modernised.<\/p>\n<p><strong>2019<\/strong> The breakfast room is renovated and enlarged with a conservatory.<\/p>\n<\/div><\/div><\/div><\/div><\/div><\/div><\/div><\/section><section class=\"l-section wpb_row height_medium\"><div class=\"l-section-h i-cf\"><div class=\"g-cols vc_row via_flex valign_top type_default stacking_default\"><div class=\"vc_col-sm-12 wpb_column vc_column_container\"><div class=\"vc_column-inner\"><div class=\"wpb_wrapper\"><\/div><\/div><\/div><\/div><\/div><\/section>","protected":false},"excerpt":{"rendered":"Waldhorn-1993\u00dcBER UNS 1953\u00a0Die Eheleute Martha und Eugen Klink \u00fcbernehmen von der Bilger- Brauerei den Gasthof Waldhorn. 1970\u00a0Wird der Gasthof erweitert und einige Bereiche modernisiert. 1984\u00a0\u00dcbergeben die Eheleute Klink den Betrieb an die n\u00e4chste Generation. 1993 Errichtung eines zus\u00e4tzlichen Hotel-Neubaus mit 24 Zimmern. 2005\u00a0Das Dachgeschoss des Stammhauses wird von Grund auf neu gestaltet und mit 8...","protected":false},"author":2,"featured_media":0,"parent":0,"menu_order":0,"comment_status":"closed","ping_status":"closed","template":"","meta":{"footnotes":""},"class_list":["post-68","page","type-page","status-publish","hentry"],"_links":{"self":[{"href":"https:\/\/hotel-friedrichshafen.eu\/waldhorn\/friedrichshafen_hotels\/en\/wp-json\/wp\/v2\/pages\/68","targetHints":{"allow":["GET"]}}],"collection":[{"href":"https:\/\/hotel-friedrichshafen.eu\/waldhorn\/friedrichshafen_hotels\/en\/wp-json\/wp\/v2\/pages"}],"about":[{"href":"https:\/\/hotel-friedrichshafen.eu\/waldhorn\/friedrichshafen_hotels\/en\/wp-json\/wp\/v2\/types\/page"}],"author":[{"embeddable":true,"href":"https:\/\/hotel-friedrichshafen.eu\/waldhorn\/friedrichshafen_hotels\/en\/wp-json\/wp\/v2\/users\/2"}],"replies":[{"embeddable":true,"href":"https:\/\/hotel-friedrichshafen.eu\/waldhorn\/friedrichshafen_hotels\/en\/wp-json\/wp\/v2\/comments?post=68"}],"version-history":[{"count":12,"href":"https:\/\/hotel-friedrichshafen.eu\/waldhorn\/friedrichshafen_hotels\/en\/wp-json\/wp\/v2\/pages\/68\/revisions"}],"predecessor-version":[{"id":979,"href":"https:\/\/hotel-friedrichshafen.eu\/waldhorn\/friedrichshafen_hotels\/en\/wp-json\/wp\/v2\/pages\/68\/revisions\/979"}],"wp:attachment":[{"href":"https:\/\/hotel-friedrichshafen.eu\/waldhorn\/friedrichshafen_hotels\/en\/wp-json\/wp\/v2\/media?parent=68"}],"curies":[{"name":"wp","href":"https:\/\/api.w.org\/{rel}","templated":true}]}}