{"id":72,"date":"2018-12-04T12:12:58","date_gmt":"2018-12-04T12:12:58","guid":{"rendered":"http:\/\/hotel-friedrichshafen.eu\/?page_id=72"},"modified":"2025-01-16T10:25:33","modified_gmt":"2025-01-16T10:25:33","slug":"zimmer","status":"publish","type":"page","link":"https:\/\/hotel-friedrichshafen.eu\/waldhorn\/friedrichshafen_hotels\/en\/zimmer\/","title":{"rendered":"Rooms"},"content":{"rendered":"<section class=\"l-section wpb_row height_medium\"><div class=\"l-section-h i-cf\"><div class=\"g-cols vc_row via_flex valign_top type_default stacking_default\"><div class=\"vc_col-sm-6 wpb_column vc_column_container\"><div class=\"vc_column-inner\"><div class=\"wpb_wrapper\"><div class=\"wpb_text_column\"><div class=\"wpb_wrapper\"><h4><strong><span style=\"color: #96825f;\">Double Room Comfort with balcony<\/span><\/strong><\/h4>\n<p>This room is 22-24 m\u00b2, has a balcony, shower\/WC, cable-tv, 32\" flatscreen TV, minibar, phone, desk, hairdryer, make-up mirror and free WiFi.<br \/>\nThe comfort rooms are in the new building. On the first and second floor alle rooms have got a balcony and are accessible by elevator.<br \/>\nThere are two beds in the room that measure 200x90cm each and they can also be used separated.<\/p>\n<\/div><\/div><div class=\"w-btn-wrapper align_center\"><a class=\"w-btn us-btn-style_2\" target=\"_blank\" rel=\"nofollow\" href=\"https:\/\/ibe.hotels-online-buchen.de\/(S(fk3h44v1l15f4dvkphxik2z2))\/Home\/Index\/de-DE\/waldhornfn_NEU\"><span class=\"w-btn-label\">BOOKING<\/span><\/a><\/div><\/div><\/div><\/div><div class=\"vc_col-sm-6 wpb_column vc_column_container\"><div class=\"vc_column-inner\"><div class=\"wpb_wrapper\"><div class=\"w-slider style_none fit_scaledown nav_none count_4\"><div class=\"w-slider-h\" aria-hidden=\"true\"><div class=\"royalSlider\"><div class=\"rsContent\"><a class=\"rsImg\" data-rsw=\"1024\" data-rsh=\"768\" href=\"https:\/\/hotel-friedrichshafen.eu\/wp-content\/uploads\/2024\/09\/Komfort-Eck-3-1024x768.jpg\"><span data-alt=\"\"><\/span><\/a><\/div><div class=\"rsContent\"><a class=\"rsImg\" data-rsw=\"1024\" data-rsh=\"683\" href=\"https:\/\/hotel-friedrichshafen.eu\/wp-content\/uploads\/2024\/09\/Komfneu-1024x683.jpg\"><span data-alt=\"\"><\/span><\/a><\/div><div class=\"rsContent\"><a class=\"rsImg\" data-rsw=\"1024\" data-rsh=\"768\" href=\"https:\/\/hotel-friedrichshafen.eu\/wp-content\/uploads\/2024\/09\/KomfortzimmerBett2-1024x768.jpg\"><span data-alt=\"\"><\/span><\/a><\/div><div class=\"rsContent\"><a class=\"rsImg\" data-rsw=\"600\" data-rsh=\"450\" href=\"https:\/\/hotel-friedrichshafen.eu\/wp-content\/uploads\/2019\/02\/waldhornfn11-d.jpg\"><span data-alt=\"\"><\/span><\/a><\/div><\/div><img decoding=\"async\" src=\"https:\/\/hotel-friedrichshafen.eu\/wp-content\/uploads\/2024\/09\/Komfort-Eck-3-1024x768.jpg\" width=\"1024\" height=\"768\" alt loading=\"lazy\"><\/div><div class=\"w-slider-json\" onclick='return {&quot;autoScaleSlider&quot;:true,&quot;addActiveClass&quot;:true,&quot;loop&quot;:true,&quot;fadeInLoadedSlide&quot;:false,&quot;slidesSpacing&quot;:0,&quot;imageScalePadding&quot;:0,&quot;numImagesToPreload&quot;:2,&quot;arrowsNav&quot;:true,&quot;arrowsNavAutoHide&quot;:false,&quot;transitionType&quot;:&quot;move&quot;,&quot;transitionSpeed&quot;:250,&quot;block&quot;:{&quot;moveEffect&quot;:&quot;none&quot;,&quot;speed&quot;:300},&quot;thumbs&quot;:{&quot;fitInViewport&quot;:false,&quot;firstMargin&quot;:false,&quot;spacing&quot;:4},&quot;controlNavigation&quot;:&quot;none&quot;,&quot;autoScaleSliderWidth&quot;:1024,&quot;autoScaleSliderHeight&quot;:768}'><\/div><\/div><div class=\"wpb_text_column\"><div class=\"wpb_wrapper\"><table width=\"100%\" cellspacing=\"0\" cellpadding=\"0\">\n<tbody>\n<tr>\n<td colspan=\"2\" valign=\"top\"><\/td>\n<\/tr>\n<tr>\n<td colspan=\"2\" valign=\"top\"><span style=\"color: #aaaaaa;\">This is an example of the accommodation. The characteristic traits, colors and decorative elements in the room imagery and ground views are examples of our rooms and may vary.<\/span><\/td>\n<\/tr>\n<\/tbody>\n<\/table>\n<\/div><\/div><\/div><\/div><\/div><\/div><\/div><\/section><section class=\"l-section wpb_row height_medium\"><div class=\"l-section-h i-cf\"><div class=\"g-cols vc_row via_flex valign_top type_default stacking_default\"><div class=\"vc_col-sm-6 wpb_column vc_column_container\"><div class=\"vc_column-inner\"><div class=\"wpb_wrapper\"><div class=\"wpb_text_column\"><div class=\"wpb_wrapper\"><h4><span style=\"color: #96825f;\"><strong>Double Room Standard<\/strong><\/span><\/h4>\n<p>This room is 16-20 m\u00b2 and has shower\/WC, cable-TV, 22\" flatscreen TV, minibar, hairdryer, make-up mirror and free WiFi.<br \/>\nThe standard rooms are on the first and second floor in our original building and are not directly accessible by elevator.<br \/>\nThere are two beds in the room that measure 200x90cm each and they can also be used separated.<\/p>\n<\/div><\/div><div class=\"w-btn-wrapper align_center\"><a class=\"w-btn us-btn-style_2\" target=\"_blank\" rel=\"nofollow\" href=\"https:\/\/ibe.hotels-online-buchen.de\/(S(fk3h44v1l15f4dvkphxik2z2))\/Home\/Index\/de-DE\/waldhornfn_NEU\"><span class=\"w-btn-label\">BOOKING<\/span><\/a><\/div><\/div><\/div><\/div><div class=\"vc_col-sm-6 wpb_column vc_column_container\"><div class=\"vc_column-inner\"><div class=\"wpb_wrapper\"><div class=\"w-slider style_none fit_scaledown nav_none count_3\"><div class=\"w-slider-h\" aria-hidden=\"true\"><div class=\"royalSlider\"><div class=\"rsContent\"><a class=\"rsImg\" data-rsw=\"600\" data-rsh=\"450\" href=\"https:\/\/hotel-friedrichshafen.eu\/wp-content\/uploads\/2019\/02\/waldhornfn3.jpg\"><span data-alt=\"\"><\/span><\/a><\/div><div class=\"rsContent\"><a class=\"rsImg\" data-rsw=\"600\" data-rsh=\"450\" href=\"https:\/\/hotel-friedrichshafen.eu\/wp-content\/uploads\/2019\/02\/waldhornfn3-a.jpg\"><span data-alt=\"\"><\/span><\/a><\/div><div class=\"rsContent\"><a class=\"rsImg\" data-rsw=\"600\" data-rsh=\"450\" href=\"https:\/\/hotel-friedrichshafen.eu\/wp-content\/uploads\/2019\/02\/waldhornfn3-b.jpg\"><span data-alt=\"\"><\/span><\/a><\/div><\/div><img decoding=\"async\" src=\"https:\/\/hotel-friedrichshafen.eu\/wp-content\/uploads\/2019\/02\/waldhornfn3.jpg\" width=\"600\" height=\"450\" alt loading=\"lazy\"><\/div><div class=\"w-slider-json\" onclick='return {&quot;autoScaleSlider&quot;:true,&quot;addActiveClass&quot;:true,&quot;loop&quot;:true,&quot;fadeInLoadedSlide&quot;:false,&quot;slidesSpacing&quot;:0,&quot;imageScalePadding&quot;:0,&quot;numImagesToPreload&quot;:2,&quot;arrowsNav&quot;:true,&quot;arrowsNavAutoHide&quot;:false,&quot;transitionType&quot;:&quot;move&quot;,&quot;transitionSpeed&quot;:250,&quot;block&quot;:{&quot;moveEffect&quot;:&quot;none&quot;,&quot;speed&quot;:300},&quot;thumbs&quot;:{&quot;fitInViewport&quot;:false,&quot;firstMargin&quot;:false,&quot;spacing&quot;:4},&quot;controlNavigation&quot;:&quot;none&quot;,&quot;autoScaleSliderWidth&quot;:600,&quot;autoScaleSliderHeight&quot;:450}'><\/div><\/div><div class=\"wpb_text_column\"><div class=\"wpb_wrapper\"><table width=\"100%\" cellspacing=\"0\" cellpadding=\"0\">\n<tbody>\n<tr>\n<td colspan=\"2\" valign=\"top\"><\/td>\n<\/tr>\n<tr>\n<td colspan=\"2\" valign=\"top\"><span style=\"color: #aaaaaa;\">This is an example of the accommodation. The characteristic traits, colors and decorative elements in the room imagery and ground views are examples of our rooms and may vary.<\/span><\/td>\n<\/tr>\n<\/tbody>\n<\/table>\n<\/div><\/div><\/div><\/div><\/div><\/div><\/div><\/section><section class=\"l-section wpb_row height_medium\"><div class=\"l-section-h i-cf\"><div class=\"g-cols vc_row via_flex valign_top type_default stacking_default\"><div class=\"vc_col-sm-6 wpb_column vc_column_container\"><div class=\"vc_column-inner\"><div class=\"wpb_wrapper\"><div class=\"wpb_text_column\"><div class=\"wpb_wrapper\"><h4><span style=\"color: #96825f;\"><strong>Double Room Economy<\/strong><\/span><\/h4>\n<p>This room is 12-14 m\u00b2 and has shower\/WC, cable-TV, 22\" flatscreen TV, minibar and free WiFi.<br \/>\nThe economy rooms are on the first floor in our original building and are not accessible by elevator.<\/p>\n<\/div><\/div><div class=\"w-btn-wrapper align_center\"><a class=\"w-btn us-btn-style_2\" target=\"_blank\" rel=\"nofollow\" href=\"https:\/\/ibe.hotels-online-buchen.de\/(S(fk3h44v1l15f4dvkphxik2z2))\/Home\/Index\/de-DE\/waldhornfn_NEU\"><span class=\"w-btn-label\">BOOKING<\/span><\/a><\/div><\/div><\/div><\/div><div class=\"vc_col-sm-6 wpb_column vc_column_container\"><div class=\"vc_column-inner\"><div class=\"wpb_wrapper\"><div class=\"w-slider style_none fit_scaledown nav_none count_3\"><div class=\"w-slider-h\" aria-hidden=\"true\"><div class=\"royalSlider\"><div class=\"rsContent\"><a class=\"rsImg\" data-rsw=\"600\" data-rsh=\"450\" href=\"https:\/\/hotel-friedrichshafen.eu\/wp-content\/uploads\/2019\/02\/waldhornfn10.jpg\"><span data-alt=\"\"><\/span><\/a><\/div><div class=\"rsContent\"><a class=\"rsImg\" data-rsw=\"600\" data-rsh=\"450\" href=\"https:\/\/hotel-friedrichshafen.eu\/wp-content\/uploads\/2019\/02\/waldhornfn10-a.jpg\"><span data-alt=\"\"><\/span><\/a><\/div><div class=\"rsContent\"><a class=\"rsImg\" data-rsw=\"600\" data-rsh=\"450\" href=\"https:\/\/hotel-friedrichshafen.eu\/wp-content\/uploads\/2019\/02\/waldhornfn10-b.jpg\"><span data-alt=\"\"><\/span><\/a><\/div><\/div><img decoding=\"async\" src=\"https:\/\/hotel-friedrichshafen.eu\/wp-content\/uploads\/2019\/02\/waldhornfn10.jpg\" width=\"600\" height=\"450\" alt loading=\"lazy\"><\/div><div class=\"w-slider-json\" onclick='return {&quot;autoScaleSlider&quot;:true,&quot;addActiveClass&quot;:true,&quot;loop&quot;:true,&quot;fadeInLoadedSlide&quot;:false,&quot;slidesSpacing&quot;:0,&quot;imageScalePadding&quot;:0,&quot;numImagesToPreload&quot;:2,&quot;arrowsNav&quot;:true,&quot;arrowsNavAutoHide&quot;:false,&quot;transitionType&quot;:&quot;move&quot;,&quot;transitionSpeed&quot;:250,&quot;block&quot;:{&quot;moveEffect&quot;:&quot;none&quot;,&quot;speed&quot;:300},&quot;thumbs&quot;:{&quot;fitInViewport&quot;:false,&quot;firstMargin&quot;:false,&quot;spacing&quot;:4},&quot;controlNavigation&quot;:&quot;none&quot;,&quot;autoScaleSliderWidth&quot;:600,&quot;autoScaleSliderHeight&quot;:450}'><\/div><\/div><div class=\"wpb_text_column\"><div class=\"wpb_wrapper\"><table width=\"100%\" cellspacing=\"0\" cellpadding=\"0\">\n<tbody>\n<tr>\n<td colspan=\"2\" valign=\"top\"><\/td>\n<\/tr>\n<tr>\n<td colspan=\"2\" valign=\"top\"><span style=\"color: #aaaaaa;\">This is an example of the accommodation. The characteristic traits, colors and decorative elements in the room imagery and ground views are examples of our rooms and may vary.<\/span><\/td>\n<\/tr>\n<\/tbody>\n<\/table>\n<\/div><\/div><\/div><\/div><\/div><\/div><\/div><\/section><section class=\"l-section wpb_row height_medium\"><div class=\"l-section-h i-cf\"><div class=\"g-cols vc_row via_flex valign_top type_default stacking_default\"><div class=\"vc_col-sm-6 wpb_column vc_column_container\"><div class=\"vc_column-inner\"><div class=\"wpb_wrapper\"><div class=\"wpb_text_column\"><div class=\"wpb_wrapper\"><h4><span style=\"color: #96825f;\"><strong>Triple Room<\/strong><\/span><\/h4>\n<p>The room is at least 24m\u00b2 big and includes roof slopes, it has shower\/WC, cable-TV, a 23\" flatscreen TV, minibar, phone, desk, hairdryer, make-up mirror and free WiFi.<br \/>\nThe triple room is in our new building on the third floor. There is a lift up to the second floor. The third floor is only accessible by stairs.<br \/>\nThe beds measure at least 200x160cm. They can't be used separated.<br \/>\nDas 3. Bett ist mindestens 200x80cm gro\u00df.<\/p>\n<\/div><\/div><div class=\"w-btn-wrapper align_center\"><a class=\"w-btn us-btn-style_2\" target=\"_blank\" rel=\"nofollow\" href=\"https:\/\/ibe.hotels-online-buchen.de\/(S(fk3h44v1l15f4dvkphxik2z2))\/Home\/Index\/de-DE\/waldhornfn_NEU\"><span class=\"w-btn-label\">BOOKING<\/span><\/a><\/div><\/div><\/div><\/div><div class=\"vc_col-sm-6 wpb_column vc_column_container\"><div class=\"vc_column-inner\"><div class=\"wpb_wrapper\"><div class=\"w-slider style_none fit_scaledown nav_none count_4\"><div class=\"w-slider-h\" aria-hidden=\"true\"><div class=\"royalSlider\"><div class=\"rsContent\"><a class=\"rsImg\" data-rsw=\"1024\" data-rsh=\"684\" href=\"https:\/\/hotel-friedrichshafen.eu\/wp-content\/uploads\/2019\/02\/3Bett3-1024x684.jpg\"><span data-alt=\"\"><\/span><\/a><\/div><div class=\"rsContent\"><a class=\"rsImg\" data-rsw=\"1024\" data-rsh=\"684\" href=\"https:\/\/hotel-friedrichshafen.eu\/wp-content\/uploads\/2019\/02\/3Bett1-1024x684.jpg\"><span data-alt=\"Hotel Waldhorn Friedrichshafen Dreibettzimmer\"><\/span><\/a><\/div><div class=\"rsContent\"><a class=\"rsImg\" data-rsw=\"1024\" data-rsh=\"684\" href=\"https:\/\/hotel-friedrichshafen.eu\/wp-content\/uploads\/2019\/02\/3Bett2-1024x684.jpg\"><span data-alt=\"\"><\/span><\/a><\/div><div class=\"rsContent\"><a class=\"rsImg\" data-rsw=\"600\" data-rsh=\"450\" href=\"https:\/\/hotel-friedrichshafen.eu\/wp-content\/uploads\/2019\/02\/waldhornfn11-d.jpg\"><span data-alt=\"\"><\/span><\/a><\/div><\/div><img decoding=\"async\" src=\"https:\/\/hotel-friedrichshafen.eu\/wp-content\/uploads\/2019\/02\/3Bett3-1024x684.jpg\" width=\"1024\" height=\"684\" alt loading=\"lazy\"><\/div><div class=\"w-slider-json\" onclick='return {&quot;autoScaleSlider&quot;:true,&quot;addActiveClass&quot;:true,&quot;loop&quot;:true,&quot;fadeInLoadedSlide&quot;:false,&quot;slidesSpacing&quot;:0,&quot;imageScalePadding&quot;:0,&quot;numImagesToPreload&quot;:2,&quot;arrowsNav&quot;:true,&quot;arrowsNavAutoHide&quot;:false,&quot;transitionType&quot;:&quot;move&quot;,&quot;transitionSpeed&quot;:250,&quot;block&quot;:{&quot;moveEffect&quot;:&quot;none&quot;,&quot;speed&quot;:300},&quot;thumbs&quot;:{&quot;fitInViewport&quot;:false,&quot;firstMargin&quot;:false,&quot;spacing&quot;:4},&quot;controlNavigation&quot;:&quot;none&quot;,&quot;autoScaleSliderWidth&quot;:1024,&quot;autoScaleSliderHeight&quot;:684}'><\/div><\/div><div class=\"wpb_text_column\"><div class=\"wpb_wrapper\"><table width=\"100%\" cellspacing=\"0\" cellpadding=\"0\">\n<tbody>\n<tr>\n<td colspan=\"2\" valign=\"top\"><\/td>\n<\/tr>\n<tr>\n<td colspan=\"2\" valign=\"top\"><span style=\"color: #aaaaaa;\">This is an example of the accommodation. The characteristic traits, colors and decorative elements in the room imagery and ground views are examples of our rooms and may vary.<\/span><\/td>\n<\/tr>\n<\/tbody>\n<\/table>\n<\/div><\/div><\/div><\/div><\/div><\/div><\/div><\/section><section class=\"l-section wpb_row height_medium\"><div class=\"l-section-h i-cf\"><div class=\"g-cols vc_row via_flex valign_top type_default stacking_default\"><div class=\"vc_col-sm-6 wpb_column vc_column_container\"><div class=\"vc_column-inner\"><div class=\"wpb_wrapper\"><div class=\"wpb_text_column\"><div class=\"wpb_wrapper\"><h4><strong><span style=\"color: #96825f;\">Single Room Standard<\/span><\/strong><\/h4>\n<p>This room is 16-20 m\u00b2 and has shower\/WC, cable-TV, 22\" flatscreen TV, minibar and free WiFi.<br \/>\nThe bed measures 200x90 cm.<\/p>\n<\/div><\/div><div class=\"w-btn-wrapper align_center\"><a class=\"w-btn us-btn-style_2\" target=\"_blank\" rel=\"nofollow\" href=\"https:\/\/ibe.hotels-online-buchen.de\/(S(fk3h44v1l15f4dvkphxik2z2))\/Home\/Index\/de-DE\/waldhornfn_NEU\"><span class=\"w-btn-label\">BOOKING<\/span><\/a><\/div><\/div><\/div><\/div><div class=\"vc_col-sm-6 wpb_column vc_column_container\"><div class=\"vc_column-inner\"><div class=\"wpb_wrapper\"><div class=\"w-slider style_none fit_scaledown nav_none count_2\"><div class=\"w-slider-h\" aria-hidden=\"true\"><div class=\"royalSlider\"><div class=\"rsContent\"><a class=\"rsImg\" data-rsw=\"600\" data-rsh=\"450\" href=\"https:\/\/hotel-friedrichshafen.eu\/wp-content\/uploads\/2019\/02\/waldhornfn1.jpg\"><span data-alt=\"\"><\/span><\/a><\/div><div class=\"rsContent\"><a class=\"rsImg\" data-rsw=\"600\" data-rsh=\"450\" href=\"https:\/\/hotel-friedrichshafen.eu\/wp-content\/uploads\/2019\/02\/waldhornfn9.jpg\"><span data-alt=\"\"><\/span><\/a><\/div><\/div><img decoding=\"async\" src=\"https:\/\/hotel-friedrichshafen.eu\/wp-content\/uploads\/2019\/02\/waldhornfn1.jpg\" width=\"600\" height=\"450\" alt loading=\"lazy\"><\/div><div class=\"w-slider-json\" onclick='return {&quot;autoScaleSlider&quot;:true,&quot;addActiveClass&quot;:true,&quot;loop&quot;:true,&quot;fadeInLoadedSlide&quot;:false,&quot;slidesSpacing&quot;:0,&quot;imageScalePadding&quot;:0,&quot;numImagesToPreload&quot;:2,&quot;arrowsNav&quot;:true,&quot;arrowsNavAutoHide&quot;:false,&quot;transitionType&quot;:&quot;move&quot;,&quot;transitionSpeed&quot;:250,&quot;block&quot;:{&quot;moveEffect&quot;:&quot;none&quot;,&quot;speed&quot;:300},&quot;thumbs&quot;:{&quot;fitInViewport&quot;:false,&quot;firstMargin&quot;:false,&quot;spacing&quot;:4},&quot;controlNavigation&quot;:&quot;none&quot;,&quot;autoScaleSliderWidth&quot;:600,&quot;autoScaleSliderHeight&quot;:450}'><\/div><\/div><div class=\"wpb_text_column\"><div class=\"wpb_wrapper\"><table width=\"100%\" cellspacing=\"0\" cellpadding=\"0\">\n<tbody>\n<tr>\n<td colspan=\"2\" valign=\"top\"><\/td>\n<\/tr>\n<tr>\n<td colspan=\"2\" valign=\"top\"><span style=\"color: #aaaaaa;\">This is an example of the accommodation. The characteristic traits, colors and decorative elements in the room imagery and ground views are examples of our rooms and may vary.<\/span><\/td>\n<\/tr>\n<\/tbody>\n<\/table>\n<\/div><\/div><\/div><\/div><\/div><\/div><\/div><\/section><section class=\"l-section wpb_row height_medium\"><div class=\"l-section-h i-cf\"><div class=\"g-cols vc_row via_flex valign_top type_default stacking_default\"><div class=\"vc_col-sm-12 wpb_column vc_column_container\"><div class=\"vc_column-inner\"><div class=\"wpb_wrapper\"><div class=\"wpb_text_column\"><div class=\"wpb_wrapper\"><h3 style=\"text-align: center;\"><span style=\"color: #96825f;\">Rates<\/span><\/h3>\n<\/div><\/div><div class=\"wpb_text_column\"><div class=\"wpb_wrapper\"><div>Prices may vary depending on season. You can find the currently valid rates for your desired travel period on our <a href=\"https:\/\/ibe.hotels-online-buchen.de\/(S(3rfdsxfa13qwwmtxkrnybddp))\/Home\/Index\/de-DE\/waldhornfn_NEU\" target=\"_blank\" rel=\"noopener noreferrer\">online booking portal.<\/a>.<\/div>\n<div>\n<p>For booking via our booking portal you will receive a <strong>bonus<\/strong> up to <strong>\u20ac 5,- per room<\/strong> and night.<\/p>\n<p>All rooms have shower\/WC, cable TV, phone and minibar.<\/p>\n<p>The price per night includes our\u00a0<strong>breakfast buffet, car park<\/strong> or <strong>Tiefgaragenplatz <\/strong>und<strong> WLAN-Zugang.<\/strong><\/p>\n<p>For a <strong>baby bed<\/strong> we charge \u20ac 10,- once.<br \/>\nHunde sind nach Absprache und gegen eine Geb\u00fchr von 10,- Euro pro Tag erlaubt.<\/p>\n<\/div>\n<div><\/div>\n<h5>Card Payment<\/h5>\n<div>\n<p>We accept EC card, Maestro, MasterCard, Amex and VisaCard.<\/p>\n<p>For <strong>single and group flat-rates<\/strong>\u00a0please ask for our current offers. You can concact us via phone under <strong>0 75 41 \/ 95 70<\/strong> as well as via Email under\u00a0<strong>mail@waldhorn-friedrichshafen.de <\/strong>We are looking forward to your request.<\/p>\n<p style=\"font-weight: 400;\"><strong>NEU ab 2023 \u2013 G\u00e4ste-Abgabe Friedrichshafen und Echt Bodensee Card<\/strong><\/p>\n<p style=\"font-weight: 400;\">Als \u00dcbernachtungsgast zahlen Sie ab 2023 die G\u00e4ste-Abgabe Friedrichshafen. Daf\u00fcr erhalten Sie die Echt Bodensee Card \u2013 Ihre G\u00e4stekarte f\u00fcr die kostenfreie Nutzung der \u00f6ffentlichen Verkehrsmittel im Verkehrsverbund bodo und weitere Zusatzleistungen bei Partnern der Deutschen Bodensee Tourismus GmbH.<br \/>\nWeitere Informationen finden Sie unter:\u00a0<a href=\"https:\/\/www.echt-bodensee.de\/planen\/echt-bodensee-card\" target=\"_blank\" rel=\"noopener\">Echt Bodensee Card<\/a><\/p>\n<p style=\"font-weight: 400;\">Die G\u00e4ste-Abgabe Friedrichshafen, die von der Stadt Friedrichshafen erhoben wird betr\u00e4gt:<br \/>\n&#8211; Hauptsaison 01.04.-31.10.: Erw. 2,80 \u20ac\/Nacht, Kinder u. Jugendliche 6-18 Jahre 1,40 \u20ac\/Nacht<br \/>\n&#8211; Nebensaison 01.11. &#8211; 31.03.: Erw. 1,70 \u20ac\/Nacht, Kinder u. Jugendliche 6-18 Jahre 0,85 \u20ac\/Nacht<\/p>\n<p>Von der G\u00e4ste-Abgabe befreit sind:<br \/>\n&#8211; Kinder bis 6 Jahre<br \/>\n&#8211; Menschen mit Behinderung (80%) und deren Begleitung (Nachweis)<br \/>\n&#8211; Gesch\u00e4ftsreisende (Nachweis)<\/p>\n<p style=\"font-weight: 400;\">\n<\/div>\n<\/div><\/div><\/div><\/div><\/div><\/div><\/div><\/section>","protected":false},"excerpt":{"rendered":"Doppelzimmer Komfort mit Balkon Das Zimmer hat eine Gr\u00f6\u00dfe von ca. 22-24 m\u00b2, verf\u00fcgt \u00fcber DU\/WC, Kabel-TV,32-Zoll-Flachbild-TV, Minibar, Telefon, Schreibtisch, Haartrockner, Kosmetikspiegel und kostenfreien WLAN-Zugang. Die Komfortzimmer befinden sich in unserem Neubau. Im 1. und 2. OG haben alle Zimmer Balkon und sind direkt mit dem Aufzug erreichbar. Die Doppelbetten sind je 200x90cm gro\u00df. K\u00f6nnen...","protected":false},"author":2,"featured_media":0,"parent":0,"menu_order":0,"comment_status":"closed","ping_status":"closed","template":"","meta":{"footnotes":""},"class_list":["post-72","page","type-page","status-publish","hentry"],"_links":{"self":[{"href":"https:\/\/hotel-friedrichshafen.eu\/waldhorn\/friedrichshafen_hotels\/en\/wp-json\/wp\/v2\/pages\/72","targetHints":{"allow":["GET"]}}],"collection":[{"href":"https:\/\/hotel-friedrichshafen.eu\/waldhorn\/friedrichshafen_hotels\/en\/wp-json\/wp\/v2\/pages"}],"about":[{"href":"https:\/\/hotel-friedrichshafen.eu\/waldhorn\/friedrichshafen_hotels\/en\/wp-json\/wp\/v2\/types\/page"}],"author":[{"embeddable":true,"href":"https:\/\/hotel-friedrichshafen.eu\/waldhorn\/friedrichshafen_hotels\/en\/wp-json\/wp\/v2\/users\/2"}],"replies":[{"embeddable":true,"href":"https:\/\/hotel-friedrichshafen.eu\/waldhorn\/friedrichshafen_hotels\/en\/wp-json\/wp\/v2\/comments?post=72"}],"version-history":[{"count":41,"href":"https:\/\/hotel-friedrichshafen.eu\/waldhorn\/friedrichshafen_hotels\/en\/wp-json\/wp\/v2\/pages\/72\/revisions"}],"predecessor-version":[{"id":1063,"href":"https:\/\/hotel-friedrichshafen.eu\/waldhorn\/friedrichshafen_hotels\/en\/wp-json\/wp\/v2\/pages\/72\/revisions\/1063"}],"wp:attachment":[{"href":"https:\/\/hotel-friedrichshafen.eu\/waldhorn\/friedrichshafen_hotels\/en\/wp-json\/wp\/v2\/media?parent=72"}],"curies":[{"name":"wp","href":"https:\/\/api.w.org\/{rel}","templated":true}]}}