{"id":72,"date":"2018-12-04T12:12:58","date_gmt":"2018-12-04T12:12:58","guid":{"rendered":"http:\/\/hotel-friedrichshafen.eu\/?page_id=72"},"modified":"2025-01-16T10:25:33","modified_gmt":"2025-01-16T10:25:33","slug":"zimmer","status":"publish","type":"page","link":"https:\/\/hotel-friedrichshafen.eu\/waldhorn\/friedrichshafen_hotels\/zimmer\/","title":{"rendered":"Zimmer"},"content":{"rendered":"<section class=\"l-section wpb_row height_medium\"><div class=\"l-section-h i-cf\"><div class=\"g-cols vc_row via_flex valign_top type_default stacking_default\"><div class=\"vc_col-sm-6 wpb_column vc_column_container\"><div class=\"vc_column-inner\"><div class=\"wpb_wrapper\"><div class=\"wpb_text_column\"><div class=\"wpb_wrapper\"><h4><strong><span style=\"color: #96825f;\">Doppelzimmer Komfort mit Balkon<\/span><\/strong><\/h4>\n<p>Das Zimmer hat eine Gr\u00f6\u00dfe von ca. 22-24 m\u00b2, verf\u00fcgt \u00fcber DU\/WC, Kabel-TV,32-Zoll-Flachbild-TV, Minibar, Telefon, Schreibtisch, Haartrockner, Kosmetikspiegel und kostenfreien WLAN-Zugang.<br \/>\nDie Komfortzimmer befinden sich in unserem Neubau. Im 1. und 2. OG haben alle Zimmer Balkon und sind direkt mit dem Aufzug erreichbar.<br \/>\nDie Doppelbetten sind je 200x90cm gro\u00df. K\u00f6nnen nicht auseinander geschoben werden.<\/p>\n<\/div><\/div><div class=\"w-btn-wrapper align_center\"><a class=\"w-btn us-btn-style_2\" target=\"_blank\" rel=\"nofollow\" href=\"https:\/\/ibe.hotels-online-buchen.de\/(S(fk3h44v1l15f4dvkphxik2z2))\/Home\/Index\/de-DE\/waldhornfn_NEU\"><span class=\"w-btn-label\">BUCHEN<\/span><\/a><\/div><\/div><\/div><\/div><div class=\"vc_col-sm-6 wpb_column vc_column_container\"><div class=\"vc_column-inner\"><div class=\"wpb_wrapper\"><div class=\"w-slider style_none fit_scaledown nav_none count_4\"><div class=\"w-slider-h\" aria-hidden=\"true\"><div class=\"royalSlider\"><div class=\"rsContent\"><a class=\"rsImg\" data-rsw=\"1024\" data-rsh=\"768\" href=\"https:\/\/hotel-friedrichshafen.eu\/wp-content\/uploads\/2024\/09\/Komfort-Eck-3-1024x768.jpg\"><span data-alt=\"\"><\/span><\/a><\/div><div class=\"rsContent\"><a class=\"rsImg\" data-rsw=\"1024\" data-rsh=\"683\" href=\"https:\/\/hotel-friedrichshafen.eu\/wp-content\/uploads\/2024\/09\/Komfneu-1024x683.jpg\"><span data-alt=\"\"><\/span><\/a><\/div><div class=\"rsContent\"><a class=\"rsImg\" data-rsw=\"1024\" data-rsh=\"768\" href=\"https:\/\/hotel-friedrichshafen.eu\/wp-content\/uploads\/2024\/09\/KomfortzimmerBett2-1024x768.jpg\"><span data-alt=\"\"><\/span><\/a><\/div><div class=\"rsContent\"><a class=\"rsImg\" data-rsw=\"600\" data-rsh=\"450\" href=\"https:\/\/hotel-friedrichshafen.eu\/wp-content\/uploads\/2019\/02\/waldhornfn11-d.jpg\"><span data-alt=\"\"><\/span><\/a><\/div><\/div><img decoding=\"async\" src=\"https:\/\/hotel-friedrichshafen.eu\/wp-content\/uploads\/2024\/09\/Komfort-Eck-3-1024x768.jpg\" width=\"1024\" height=\"768\" alt loading=\"lazy\"><\/div><div class=\"w-slider-json\" onclick='return {&quot;autoScaleSlider&quot;:true,&quot;addActiveClass&quot;:true,&quot;loop&quot;:true,&quot;fadeInLoadedSlide&quot;:false,&quot;slidesSpacing&quot;:0,&quot;imageScalePadding&quot;:0,&quot;numImagesToPreload&quot;:2,&quot;arrowsNav&quot;:true,&quot;arrowsNavAutoHide&quot;:false,&quot;transitionType&quot;:&quot;move&quot;,&quot;transitionSpeed&quot;:250,&quot;block&quot;:{&quot;moveEffect&quot;:&quot;none&quot;,&quot;speed&quot;:300},&quot;thumbs&quot;:{&quot;fitInViewport&quot;:false,&quot;firstMargin&quot;:false,&quot;spacing&quot;:4},&quot;controlNavigation&quot;:&quot;none&quot;,&quot;autoScaleSliderWidth&quot;:1024,&quot;autoScaleSliderHeight&quot;:768}'><\/div><\/div><div class=\"wpb_text_column\"><div class=\"wpb_wrapper\"><table width=\"100%\" cellspacing=\"0\" cellpadding=\"0\">\n<tbody>\n<tr>\n<td colspan=\"2\" valign=\"top\"><\/td>\n<\/tr>\n<tr>\n<td colspan=\"2\" valign=\"top\"><span style=\"color: #aaaaaa;\">Dies ist ein Unterbringungsbeispiel. Die Ausstattungsmerkmale, die Farben und die Dekorationselemente in den Zimmerbildern und -grundrissen sind Beispiele unserer Zimmer und k\u00f6nnen abweichen.<\/span><\/td>\n<\/tr>\n<\/tbody>\n<\/table>\n<\/div><\/div><\/div><\/div><\/div><\/div><\/div><\/section><section class=\"l-section wpb_row height_medium\"><div class=\"l-section-h i-cf\"><div class=\"g-cols vc_row via_flex valign_top type_default stacking_default\"><div class=\"vc_col-sm-6 wpb_column vc_column_container\"><div class=\"vc_column-inner\"><div class=\"wpb_wrapper\"><div class=\"wpb_text_column\"><div class=\"wpb_wrapper\"><h4><span style=\"color: #96825f;\"><strong>Doppelzimmer Standard<\/strong><\/span><\/h4>\n<p>Das Zimmer hat eine Gr\u00f6\u00dfe von ca. 16-20 m\u00b2, verf\u00fcgt \u00fcber DU\/WC, Kabel-TV, 22-Zoll-Flachbild-TV, Minibar, Haartrockner, Kosmetikspiegel und kostenfreien WLAN-Zugang.<br \/>\nDie Standardzimmer befinden Sich auf der 1. und 2. Etage in unserem Stammhaus und sind nicht direkt bzw. barrierefrei mit dem Aufzug erreichbar.<br \/>\nDie beiden Betten messen je 200x90cm und k\u00f6nnen auch als getrennte Betten benutzt werden.<\/p>\n<\/div><\/div><div class=\"w-btn-wrapper align_center\"><a class=\"w-btn us-btn-style_2\" target=\"_blank\" rel=\"nofollow\" href=\"https:\/\/ibe.hotels-online-buchen.de\/(S(fk3h44v1l15f4dvkphxik2z2))\/Home\/Index\/de-DE\/waldhornfn_NEU\"><span class=\"w-btn-label\">BUCHEN<\/span><\/a><\/div><\/div><\/div><\/div><div class=\"vc_col-sm-6 wpb_column vc_column_container\"><div class=\"vc_column-inner\"><div class=\"wpb_wrapper\"><div class=\"w-slider style_none fit_scaledown nav_none count_3\"><div class=\"w-slider-h\" aria-hidden=\"true\"><div class=\"royalSlider\"><div class=\"rsContent\"><a class=\"rsImg\" data-rsw=\"600\" data-rsh=\"450\" href=\"https:\/\/hotel-friedrichshafen.eu\/wp-content\/uploads\/2019\/02\/waldhornfn3.jpg\"><span data-alt=\"\"><\/span><\/a><\/div><div class=\"rsContent\"><a class=\"rsImg\" data-rsw=\"600\" data-rsh=\"450\" href=\"https:\/\/hotel-friedrichshafen.eu\/wp-content\/uploads\/2019\/02\/waldhornfn3-a.jpg\"><span data-alt=\"\"><\/span><\/a><\/div><div class=\"rsContent\"><a class=\"rsImg\" data-rsw=\"600\" data-rsh=\"450\" href=\"https:\/\/hotel-friedrichshafen.eu\/wp-content\/uploads\/2019\/02\/waldhornfn3-b.jpg\"><span data-alt=\"\"><\/span><\/a><\/div><\/div><img decoding=\"async\" src=\"https:\/\/hotel-friedrichshafen.eu\/wp-content\/uploads\/2019\/02\/waldhornfn3.jpg\" width=\"600\" height=\"450\" alt loading=\"lazy\"><\/div><div class=\"w-slider-json\" onclick='return {&quot;autoScaleSlider&quot;:true,&quot;addActiveClass&quot;:true,&quot;loop&quot;:true,&quot;fadeInLoadedSlide&quot;:false,&quot;slidesSpacing&quot;:0,&quot;imageScalePadding&quot;:0,&quot;numImagesToPreload&quot;:2,&quot;arrowsNav&quot;:true,&quot;arrowsNavAutoHide&quot;:false,&quot;transitionType&quot;:&quot;move&quot;,&quot;transitionSpeed&quot;:250,&quot;block&quot;:{&quot;moveEffect&quot;:&quot;none&quot;,&quot;speed&quot;:300},&quot;thumbs&quot;:{&quot;fitInViewport&quot;:false,&quot;firstMargin&quot;:false,&quot;spacing&quot;:4},&quot;controlNavigation&quot;:&quot;none&quot;,&quot;autoScaleSliderWidth&quot;:600,&quot;autoScaleSliderHeight&quot;:450}'><\/div><\/div><div class=\"wpb_text_column\"><div class=\"wpb_wrapper\"><table width=\"100%\" cellspacing=\"0\" cellpadding=\"0\">\n<tbody>\n<tr>\n<td colspan=\"2\" valign=\"top\"><\/td>\n<\/tr>\n<tr>\n<td colspan=\"2\" valign=\"top\"><span style=\"color: #aaaaaa;\">Dies ist ein Unterbringungsbeispiel. Die Ausstattungsmerkmale, die Farben und die Dekorationselemente in den Zimmerbildern und -grundrissen sind Beispiele unserer Zimmer und k\u00f6nnen abweichen.<\/span><\/td>\n<\/tr>\n<\/tbody>\n<\/table>\n<\/div><\/div><\/div><\/div><\/div><\/div><\/div><\/section><section class=\"l-section wpb_row height_medium\"><div class=\"l-section-h i-cf\"><div class=\"g-cols vc_row via_flex valign_top type_default stacking_default\"><div class=\"vc_col-sm-6 wpb_column vc_column_container\"><div class=\"vc_column-inner\"><div class=\"wpb_wrapper\"><div class=\"wpb_text_column\"><div class=\"wpb_wrapper\"><h4><span style=\"color: #96825f;\"><strong>Doppelzimmer Economy<\/strong><\/span><\/h4>\n<p>Das Zimmer hat eine Gr\u00f6\u00dfe von ca. 12-14 m\u00b2, verf\u00fcgt \u00fcber DU\/WC, Kabel-TV, 22-Zoll-Flachbild-TV, Minibar und kostenfreien WLAN-Zugang.<br \/>\nDie Economyzimmer sind im 1. OG im Stammhaus und nicht direkt mit dem Aufzug erreichbar.<\/p>\n<\/div><\/div><div class=\"w-btn-wrapper align_center\"><a class=\"w-btn us-btn-style_2\" target=\"_blank\" rel=\"nofollow\" href=\"https:\/\/ibe.hotels-online-buchen.de\/(S(fk3h44v1l15f4dvkphxik2z2))\/Home\/Index\/de-DE\/waldhornfn_NEU\"><span class=\"w-btn-label\">BUCHEN<\/span><\/a><\/div><\/div><\/div><\/div><div class=\"vc_col-sm-6 wpb_column vc_column_container\"><div class=\"vc_column-inner\"><div class=\"wpb_wrapper\"><div class=\"w-slider style_none fit_scaledown nav_none count_3\"><div class=\"w-slider-h\" aria-hidden=\"true\"><div class=\"royalSlider\"><div class=\"rsContent\"><a class=\"rsImg\" data-rsw=\"600\" data-rsh=\"450\" href=\"https:\/\/hotel-friedrichshafen.eu\/wp-content\/uploads\/2019\/02\/waldhornfn10.jpg\"><span data-alt=\"\"><\/span><\/a><\/div><div class=\"rsContent\"><a class=\"rsImg\" data-rsw=\"600\" data-rsh=\"450\" href=\"https:\/\/hotel-friedrichshafen.eu\/wp-content\/uploads\/2019\/02\/waldhornfn10-a.jpg\"><span data-alt=\"\"><\/span><\/a><\/div><div class=\"rsContent\"><a class=\"rsImg\" data-rsw=\"600\" data-rsh=\"450\" href=\"https:\/\/hotel-friedrichshafen.eu\/wp-content\/uploads\/2019\/02\/waldhornfn10-b.jpg\"><span data-alt=\"\"><\/span><\/a><\/div><\/div><img decoding=\"async\" src=\"https:\/\/hotel-friedrichshafen.eu\/wp-content\/uploads\/2019\/02\/waldhornfn10.jpg\" width=\"600\" height=\"450\" alt loading=\"lazy\"><\/div><div class=\"w-slider-json\" onclick='return {&quot;autoScaleSlider&quot;:true,&quot;addActiveClass&quot;:true,&quot;loop&quot;:true,&quot;fadeInLoadedSlide&quot;:false,&quot;slidesSpacing&quot;:0,&quot;imageScalePadding&quot;:0,&quot;numImagesToPreload&quot;:2,&quot;arrowsNav&quot;:true,&quot;arrowsNavAutoHide&quot;:false,&quot;transitionType&quot;:&quot;move&quot;,&quot;transitionSpeed&quot;:250,&quot;block&quot;:{&quot;moveEffect&quot;:&quot;none&quot;,&quot;speed&quot;:300},&quot;thumbs&quot;:{&quot;fitInViewport&quot;:false,&quot;firstMargin&quot;:false,&quot;spacing&quot;:4},&quot;controlNavigation&quot;:&quot;none&quot;,&quot;autoScaleSliderWidth&quot;:600,&quot;autoScaleSliderHeight&quot;:450}'><\/div><\/div><div class=\"wpb_text_column\"><div class=\"wpb_wrapper\"><table width=\"100%\" cellspacing=\"0\" cellpadding=\"0\">\n<tbody>\n<tr>\n<td colspan=\"2\" valign=\"top\"><\/td>\n<\/tr>\n<tr>\n<td colspan=\"2\" valign=\"top\"><span style=\"color: #aaaaaa;\">Dies ist ein Unterbringungsbeispiel. Die Ausstattungsmerkmale, die Farben und die Dekorationselemente in den Zimmerbildern und -grundrissen sind Beispiele unserer Zimmer und k\u00f6nnen abweichen.<\/span><\/td>\n<\/tr>\n<\/tbody>\n<\/table>\n<\/div><\/div><\/div><\/div><\/div><\/div><\/div><\/section><section class=\"l-section wpb_row height_medium\"><div class=\"l-section-h i-cf\"><div class=\"g-cols vc_row via_flex valign_top type_default stacking_default\"><div class=\"vc_col-sm-6 wpb_column vc_column_container\"><div class=\"vc_column-inner\"><div class=\"wpb_wrapper\"><div class=\"wpb_text_column\"><div class=\"wpb_wrapper\"><h4><span style=\"color: #96825f;\"><strong>Dreibettzimmer<\/strong><\/span><\/h4>\n<p>Das Zimmer hat eine Gr\u00f6\u00dfe von mind.24 m\u00b2 inkl. Dachschr\u00e4gen, verf\u00fcgt \u00fcber DU\/WC, Kabel-TV,32-Zoll-Flachbild-TV, Minibar, Telefon, Schreibtisch, Haartrockner, Kosmetikspiegel und kostenfreien Wlan-Zugang.<br \/>\nDas Dreibettzimmer befinden sich in unserem Neubau im 3. OG. Bis zum 2. OG f\u00e4hrt ein Aufzug. Das 3. OG ist mit einer Treppe erreichbar.<br \/>\nDie Doppelbetten sind mind. 200x160cm gro\u00df. K\u00f6nnen nicht auseinander geschoben werden.<br \/>\nDas 3. Bett ist mindestens 200x80cm gro\u00df.<\/p>\n<\/div><\/div><div class=\"w-btn-wrapper align_center\"><a class=\"w-btn us-btn-style_2\" target=\"_blank\" rel=\"nofollow\" href=\"https:\/\/ibe.hotels-online-buchen.de\/(S(fk3h44v1l15f4dvkphxik2z2))\/Home\/Index\/de-DE\/waldhornfn_NEU\"><span class=\"w-btn-label\">BUCHEN<\/span><\/a><\/div><\/div><\/div><\/div><div class=\"vc_col-sm-6 wpb_column vc_column_container\"><div class=\"vc_column-inner\"><div class=\"wpb_wrapper\"><div class=\"w-slider style_none fit_scaledown nav_none count_4\"><div class=\"w-slider-h\" aria-hidden=\"true\"><div class=\"royalSlider\"><div class=\"rsContent\"><a class=\"rsImg\" data-rsw=\"1024\" data-rsh=\"684\" href=\"https:\/\/hotel-friedrichshafen.eu\/wp-content\/uploads\/2019\/02\/3Bett3-1024x684.jpg\"><span data-alt=\"\"><\/span><\/a><\/div><div class=\"rsContent\"><a class=\"rsImg\" data-rsw=\"1024\" data-rsh=\"684\" href=\"https:\/\/hotel-friedrichshafen.eu\/wp-content\/uploads\/2019\/02\/3Bett1-1024x684.jpg\"><span data-alt=\"Hotel Waldhorn Friedrichshafen Dreibettzimmer\"><\/span><\/a><\/div><div class=\"rsContent\"><a class=\"rsImg\" data-rsw=\"1024\" data-rsh=\"684\" href=\"https:\/\/hotel-friedrichshafen.eu\/wp-content\/uploads\/2019\/02\/3Bett2-1024x684.jpg\"><span data-alt=\"\"><\/span><\/a><\/div><div class=\"rsContent\"><a class=\"rsImg\" data-rsw=\"600\" data-rsh=\"450\" href=\"https:\/\/hotel-friedrichshafen.eu\/wp-content\/uploads\/2019\/02\/waldhornfn11-d.jpg\"><span data-alt=\"\"><\/span><\/a><\/div><\/div><img decoding=\"async\" src=\"https:\/\/hotel-friedrichshafen.eu\/wp-content\/uploads\/2019\/02\/3Bett3-1024x684.jpg\" width=\"1024\" height=\"684\" alt loading=\"lazy\"><\/div><div class=\"w-slider-json\" onclick='return {&quot;autoScaleSlider&quot;:true,&quot;addActiveClass&quot;:true,&quot;loop&quot;:true,&quot;fadeInLoadedSlide&quot;:false,&quot;slidesSpacing&quot;:0,&quot;imageScalePadding&quot;:0,&quot;numImagesToPreload&quot;:2,&quot;arrowsNav&quot;:true,&quot;arrowsNavAutoHide&quot;:false,&quot;transitionType&quot;:&quot;move&quot;,&quot;transitionSpeed&quot;:250,&quot;block&quot;:{&quot;moveEffect&quot;:&quot;none&quot;,&quot;speed&quot;:300},&quot;thumbs&quot;:{&quot;fitInViewport&quot;:false,&quot;firstMargin&quot;:false,&quot;spacing&quot;:4},&quot;controlNavigation&quot;:&quot;none&quot;,&quot;autoScaleSliderWidth&quot;:1024,&quot;autoScaleSliderHeight&quot;:684}'><\/div><\/div><div class=\"wpb_text_column\"><div class=\"wpb_wrapper\"><table width=\"100%\" cellspacing=\"0\" cellpadding=\"0\">\n<tbody>\n<tr>\n<td colspan=\"2\" valign=\"top\"><\/td>\n<\/tr>\n<tr>\n<td colspan=\"2\" valign=\"top\"><span style=\"color: #aaaaaa;\">Dies ist ein Unterbringungsbeispiel. Die Ausstattungsmerkmale, die Farben und die Dekorationselemente in den Zimmerbildern und -grundrissen sind Beispiele unserer Zimmer und k\u00f6nnen abweichen.<\/span><\/td>\n<\/tr>\n<\/tbody>\n<\/table>\n<\/div><\/div><\/div><\/div><\/div><\/div><\/div><\/section><section class=\"l-section wpb_row height_medium\"><div class=\"l-section-h i-cf\"><div class=\"g-cols vc_row via_flex valign_top type_default stacking_default\"><div class=\"vc_col-sm-6 wpb_column vc_column_container\"><div class=\"vc_column-inner\"><div class=\"wpb_wrapper\"><div class=\"wpb_text_column\"><div class=\"wpb_wrapper\"><h4><strong><span style=\"color: #96825f;\">Einzelzimmer Standard<\/span><\/strong><\/h4>\n<p>Das Zimmer hat eine Gr\u00f6\u00dfe von ca. 16-20 m\u00b2, verf\u00fcgt \u00fcber DU\/WC, Kabel-TV, 22-Zoll-Flachbild-TV, Minibar und kostenfreien WLAN-Zugang.<br \/>\nDas Bett ist 200x90cm gro\u00df.<\/p>\n<\/div><\/div><div class=\"w-btn-wrapper align_center\"><a class=\"w-btn us-btn-style_2\" target=\"_blank\" rel=\"nofollow\" href=\"https:\/\/ibe.hotels-online-buchen.de\/(S(fk3h44v1l15f4dvkphxik2z2))\/Home\/Index\/de-DE\/waldhornfn_NEU\"><span class=\"w-btn-label\">BUCHEN<\/span><\/a><\/div><\/div><\/div><\/div><div class=\"vc_col-sm-6 wpb_column vc_column_container\"><div class=\"vc_column-inner\"><div class=\"wpb_wrapper\"><div class=\"w-slider style_none fit_scaledown nav_none count_2\"><div class=\"w-slider-h\" aria-hidden=\"true\"><div class=\"royalSlider\"><div class=\"rsContent\"><a class=\"rsImg\" data-rsw=\"600\" data-rsh=\"450\" href=\"https:\/\/hotel-friedrichshafen.eu\/wp-content\/uploads\/2019\/02\/waldhornfn1.jpg\"><span data-alt=\"\"><\/span><\/a><\/div><div class=\"rsContent\"><a class=\"rsImg\" data-rsw=\"600\" data-rsh=\"450\" href=\"https:\/\/hotel-friedrichshafen.eu\/wp-content\/uploads\/2019\/02\/waldhornfn9.jpg\"><span data-alt=\"\"><\/span><\/a><\/div><\/div><img decoding=\"async\" src=\"https:\/\/hotel-friedrichshafen.eu\/wp-content\/uploads\/2019\/02\/waldhornfn1.jpg\" width=\"600\" height=\"450\" alt loading=\"lazy\"><\/div><div class=\"w-slider-json\" onclick='return {&quot;autoScaleSlider&quot;:true,&quot;addActiveClass&quot;:true,&quot;loop&quot;:true,&quot;fadeInLoadedSlide&quot;:false,&quot;slidesSpacing&quot;:0,&quot;imageScalePadding&quot;:0,&quot;numImagesToPreload&quot;:2,&quot;arrowsNav&quot;:true,&quot;arrowsNavAutoHide&quot;:false,&quot;transitionType&quot;:&quot;move&quot;,&quot;transitionSpeed&quot;:250,&quot;block&quot;:{&quot;moveEffect&quot;:&quot;none&quot;,&quot;speed&quot;:300},&quot;thumbs&quot;:{&quot;fitInViewport&quot;:false,&quot;firstMargin&quot;:false,&quot;spacing&quot;:4},&quot;controlNavigation&quot;:&quot;none&quot;,&quot;autoScaleSliderWidth&quot;:600,&quot;autoScaleSliderHeight&quot;:450}'><\/div><\/div><div class=\"wpb_text_column\"><div class=\"wpb_wrapper\"><table width=\"100%\" cellspacing=\"0\" cellpadding=\"0\">\n<tbody>\n<tr>\n<td colspan=\"2\" valign=\"top\"><\/td>\n<\/tr>\n<tr>\n<td colspan=\"2\" valign=\"top\"><span style=\"color: #aaaaaa;\">Dies ist ein Unterbringungsbeispiel. Die Ausstattungsmerkmale, die Farben und die Dekorationselemente in den Zimmerbildern und -grundrissen sind Beispiele unserer Zimmer und k\u00f6nnen abweichen.<\/span><\/td>\n<\/tr>\n<\/tbody>\n<\/table>\n<\/div><\/div><\/div><\/div><\/div><\/div><\/div><\/section><section class=\"l-section wpb_row height_medium\"><div class=\"l-section-h i-cf\"><div class=\"g-cols vc_row via_flex valign_top type_default stacking_default\"><div class=\"vc_col-sm-12 wpb_column vc_column_container\"><div class=\"vc_column-inner\"><div class=\"wpb_wrapper\"><div class=\"wpb_text_column\"><div class=\"wpb_wrapper\"><h3 style=\"text-align: center;\"><span style=\"color: #96825f;\">Preise<\/span><\/h3>\n<\/div><\/div><div class=\"wpb_text_column\"><div class=\"wpb_wrapper\"><div>Die Zimmerpreise sind saisonabh\u00e4ngig. Den aktuell g\u00fcltigen Zimmerpreis f\u00fcr Ihren gew\u00fcnschten Reisezeitraum erhalten Sie mit Hilfe unseres <a href=\"https:\/\/ibe.hotels-online-buchen.de\/(S(3rfdsxfa13qwwmtxkrnybddp))\/Home\/Index\/de-DE\/waldhornfn_NEU\" target=\"_blank\" rel=\"noopener noreferrer\">Online-Buchungstools<\/a>.<\/div>\n<div>\n<p>F\u00fcr eine Onlinebuchung \u00fcber diese Seite erhalten Sie einen <strong>Danke-Bonus<\/strong> von mindestens <strong>\u20ac 5,- pro Zimmer<\/strong> und \u00dcbernachtung.<\/p>\n<p>Alle Zimmer sind mit DU\/WC, Kabel-TV, Telefon und Minibar ausgestattet.<\/p>\n<p>Die \u00dcbernachtungspreise enthalten unser\u00a0<strong>Fr\u00fchst\u00fccksb\u00fcfett, Parkplatz<\/strong> oder <strong>Tiefgaragenplatz <\/strong>und<strong> WLAN-Zugang.<\/strong><\/p>\n<p>F\u00fcr ein <strong>Baby-Reisebett<\/strong> berechnen wir einmalig \u20ac 10,-.<br \/>\nHunde sind nach Absprache und gegen eine Geb\u00fchr von 10,- Euro pro Tag erlaubt.<\/p>\n<\/div>\n<div><\/div>\n<h5>Kartenzahlung:<\/h5>\n<div>\n<p>Wir akzeptieren EC-Karte, Maestro, MasterCard, Amex und VisaCard.<\/p>\n<p>F\u00fcr <strong>Einzel- und Gruppenpauschalen<\/strong>\u00a0fragen Sie bitte nach unseren aktuellen Angeboten. Wir sind sowohl telefonisch unter <strong>0 75 41 \/ 95 70<\/strong> als auch per E-Mail unter\u00a0<strong>mail@waldhorn-friedrichshafen.de <\/strong>f\u00fcr Sie erreichbar.<\/p>\n<p style=\"font-weight: 400;\"><strong>NEU ab 2023 \u2013 G\u00e4ste-Abgabe Friedrichshafen und Echt Bodensee Card<\/strong><\/p>\n<p style=\"font-weight: 400;\">Als \u00dcbernachtungsgast zahlen Sie ab 2023 die G\u00e4ste-Abgabe Friedrichshafen. Daf\u00fcr erhalten Sie die Echt Bodensee Card \u2013 Ihre G\u00e4stekarte f\u00fcr die kostenfreie Nutzung der \u00f6ffentlichen Verkehrsmittel im Verkehrsverbund bodo und weitere Zusatzleistungen bei Partnern der Deutschen Bodensee Tourismus GmbH.<br \/>\nWeitere Informationen finden Sie unter:\u00a0<a href=\"https:\/\/www.echt-bodensee.de\/planen\/echt-bodensee-card\" target=\"_blank\" rel=\"noopener\">Echt Bodensee Card<\/a><\/p>\n<p style=\"font-weight: 400;\">Die G\u00e4ste-Abgabe Friedrichshafen, die von der Stadt Friedrichshafen erhoben wird betr\u00e4gt:<br \/>\n&#8211; Hauptsaison 01.04.-31.10.: Erw. 2,80 \u20ac\/Nacht, Kinder u. Jugendliche 6-18 Jahre 1,40 \u20ac\/Nacht<br \/>\n&#8211; Nebensaison 01.11. &#8211; 31.03.: Erw. 1,70 \u20ac\/Nacht, Kinder u. Jugendliche 6-18 Jahre 0,85 \u20ac\/Nacht<\/p>\n<p>Von der G\u00e4ste-Abgabe befreit sind:<br \/>\n&#8211; Kinder bis 6 Jahre<br \/>\n&#8211; Menschen mit Behinderung (80%) und deren Begleitung (Nachweis)<br \/>\n&#8211; Gesch\u00e4ftsreisende (Nachweis)<\/p>\n<p style=\"font-weight: 400;\">\n<\/div>\n<\/div><\/div><\/div><\/div><\/div><\/div><\/div><\/section>\n","protected":false},"excerpt":{"rendered":"Doppelzimmer Komfort mit Balkon Das Zimmer hat eine Gr\u00f6\u00dfe von ca. 22-24 m\u00b2, verf\u00fcgt \u00fcber DU\/WC, Kabel-TV,32-Zoll-Flachbild-TV, Minibar, Telefon, Schreibtisch, Haartrockner, Kosmetikspiegel und kostenfreien WLAN-Zugang. Die Komfortzimmer befinden sich in unserem Neubau. Im 1. und 2. OG haben alle Zimmer Balkon und sind direkt mit dem Aufzug erreichbar. Die Doppelbetten sind je 200x90cm gro\u00df. K\u00f6nnen...","protected":false},"author":2,"featured_media":0,"parent":0,"menu_order":0,"comment_status":"closed","ping_status":"closed","template":"","meta":{"footnotes":""},"class_list":["post-72","page","type-page","status-publish","hentry"],"_links":{"self":[{"href":"https:\/\/hotel-friedrichshafen.eu\/waldhorn\/friedrichshafen_hotels\/wp-json\/wp\/v2\/pages\/72","targetHints":{"allow":["GET"]}}],"collection":[{"href":"https:\/\/hotel-friedrichshafen.eu\/waldhorn\/friedrichshafen_hotels\/wp-json\/wp\/v2\/pages"}],"about":[{"href":"https:\/\/hotel-friedrichshafen.eu\/waldhorn\/friedrichshafen_hotels\/wp-json\/wp\/v2\/types\/page"}],"author":[{"embeddable":true,"href":"https:\/\/hotel-friedrichshafen.eu\/waldhorn\/friedrichshafen_hotels\/wp-json\/wp\/v2\/users\/2"}],"replies":[{"embeddable":true,"href":"https:\/\/hotel-friedrichshafen.eu\/waldhorn\/friedrichshafen_hotels\/wp-json\/wp\/v2\/comments?post=72"}],"version-history":[{"count":41,"href":"https:\/\/hotel-friedrichshafen.eu\/waldhorn\/friedrichshafen_hotels\/wp-json\/wp\/v2\/pages\/72\/revisions"}],"predecessor-version":[{"id":1063,"href":"https:\/\/hotel-friedrichshafen.eu\/waldhorn\/friedrichshafen_hotels\/wp-json\/wp\/v2\/pages\/72\/revisions\/1063"}],"wp:attachment":[{"href":"https:\/\/hotel-friedrichshafen.eu\/waldhorn\/friedrichshafen_hotels\/wp-json\/wp\/v2\/media?parent=72"}],"curies":[{"name":"wp","href":"https:\/\/api.w.org\/{rel}","templated":true}]}}